{"id":1031,"date":"2020-10-30T15:46:17","date_gmt":"2020-10-30T15:46:17","guid":{"rendered":"http:\/\/www.clessefrance.fr\/compacti\/?page_id=1031"},"modified":"2024-08-22T14:26:55","modified_gmt":"2024-08-22T13:26:55","slug":"home-banners","status":"publish","type":"page","link":"https:\/\/www.clessefrance.fr\/compacti\/","title":{"rendered":"home banners"},"content":{"rendered":"[vc_row disable_element=&#8221;yes&#8221; css=&#8221;.vc_custom_1601025593875{margin-top: 21px !important;}&#8221;][vc_column width=&#8221;1\/6&#8243;][\/vc_column][vc_column width=&#8221;2\/3&#8243;][vc_single_image image=&#8221;311&#8243; img_size=&#8221;600&#215;186&#8243; alignment=&#8221;center&#8221;][\/vc_column][vc_column width=&#8221;1\/6&#8243;][\/vc_column][\/vc_row][vc_row full_width=&#8221;stretch_row_content_no_spaces&#8221; column_spacing=&#8221;0px&#8221; css=&#8221;.vc_custom_1601027406851{margin-top: -220px !important;margin-bottom: 0px !important;padding-top: 0px !important;background-image: url(http:\/\/www.clessefrance.fr\/compacti\/wp-content\/uploads\/2020\/09\/bottles3new2.png?id=640) !important;background-position: 0 0 !important;background-repeat: repeat-x !important;}&#8221; min_height=&#8221;236px&#8221; wpex_bg_position=&#8221;center bottom&#8221; wpex_zindex=&#8221;-1&#8243; el_id=&#8221;bottlesTOP&#8221; el_class=&#8221;bottlesTOP&#8221;][vc_column offset=&#8221;vc_hidden-sm vc_hidden-xs&#8221;][\/vc_column][\/vc_row][vc_row full_width=&#8221;stretch_row_content&#8221; content_placement=&#8221;top&#8221; column_spacing=&#8221;0px&#8221; equal_height=&#8221;yes&#8221; css=&#8221;.vc_custom_1605093640819{margin-bottom: 2px !important;background-position: center !important;background-repeat: no-repeat !important;background-size: cover !important;}&#8221; wpex_bg_position=&#8221;left center&#8221; min_height=&#8221;480px&#8221; el_class=&#8221;top-pics&#8221; el_id=&#8221;top-pics&#8221;][vc_column width=&#8221;1\/2&#8243; css=&#8221;.vc_custom_1605093839572{background-image: url(http:\/\/www.clessefrance.fr\/compacti\/wp-content\/uploads\/2020\/04\/sofa-frame-animation3.gif?id=257) !important;background-position: center !important;background-repeat: no-repeat !important;background-size: cover !important;}&#8221; wpex_bg_position=&#8221;left center&#8221;][vc_row_inner content_placement=&#8221;bottom&#8221;][vc_column_inner]<h2 class=\"vcex-module vcex-heading vcex-heading-plain vc_custom_1606477614182 top-headers\" style=\"color:#000000;font-size:15px;text-align:center;line-height:16px;\"><span class=\"vcex-heading-inner clr\">Commandez du gaz depuis chez vous en un seul clic<\/span><\/h2>[\/vc_column_inner][\/vc_row_inner][\/vc_column][vc_column width=&#8221;1\/2&#8243; css=&#8221;.vc_custom_1600258822181{background-image: url(http:\/\/www.clessefrance.fr\/compacti\/wp-content\/uploads\/2020\/09\/comp-main.gif?id=447) !important;background-position: center !important;background-repeat: no-repeat !important;background-size: cover !important;}&#8221;][vc_row_inner][vc_column_inner]<h2 class=\"vcex-module vcex-heading vcex-heading-plain vc_custom_1606477594258 top-headers\" style=\"color:#000000;font-size:15px;text-align:center;line-height:16px;\"><span class=\"vcex-heading-inner clr\">Savoir quelles bouteilles doivent \u00eatre chang\u00e9es \u00e0 partir d'un smartphone ou ordinateur<\/span><\/h2>[\/vc_column_inner][\/vc_row_inner][\/vc_column][\/vc_row][vc_row column_spacing=&#8221;0px&#8221; css=&#8221;.vc_custom_1605093288061{margin-top: -477px !important;margin-right: 0px !important;margin-bottom: 0px !important;margin-left: 0px !important;}&#8221; wpex_zindex=&#8221;9&#8243; el_id=&#8221;phone&#8221; el_class=&#8221;phone&#8221;][vc_column width=&#8221;1\/3&#8243;][\/vc_column][vc_column width=&#8221;1\/3&#8243;][vc_single_image image=&#8221;1271&#8243; alignment=&#8221;center&#8221;][\/vc_column][vc_column width=&#8221;1\/3&#8243;][\/vc_column][\/vc_row][vc_row css=&#8221;.vc_custom_1604071354511{margin-top: -21px !important;}&#8221;][vc_column][vc_column_text css=&#8221;.vc_custom_1606477448136{padding-top: 32px !important;padding-right: 32px !important;padding-bottom: 32px !important;padding-left: 32px !important;}&#8221;]\n<h2 style=\"text-align: center;\"><a href=\"http:\/\/www.clessefrance.fr\/compacti\/wp-content\/uploads\/2020\/11\/compactu-uk.mp4\"><span style=\"font-size: 28px;\">La solution du futur : E management des bouteilles de gaz<\/span><\/a><\/h2>\n<p style=\"text-align: center;\"><span style=\"font-size: 18px;\">Transformer l&#8217;inverseur automatique standard Clesse CompactR standard (ACOTR) en un hybride \u00e9lectronique.<\/span><\/p>\n<p style=\"text-align: center;\"><span style=\"font-size: 18px;\">Les modules \u00e9lectroniques se placent \u00e0 l&#8217;arri\u00e8re de l&#8217;inverseur. Ensuite, gr\u00e2ce \u00e0 l&#8217;application CompacTi, vous pourrez optimiser la gestion de vos bouteilles de gaz \u00e0 distance et gagner en efficacit\u00e9.<\/span><\/p>\n[\/vc_column_text][\/vc_column][\/vc_row][vc_row full_width=&#8221;stretch_row&#8221; content_placement=&#8221;middle&#8221; min_height=&#8221;550px&#8221; css=&#8221;.vc_custom_1611584076569{background-image: url(https:\/\/www.clessefrance.fr\/compacti\/wp-content\/uploads\/2021\/01\/hand2b.jpg?id=1370) !important;background-position: center !important;background-repeat: no-repeat !important;background-size: cover !important;}&#8221; wpex_bg_position=&#8221;center center&#8221;][vc_column][vc_row_inner][vc_column_inner width=&#8221;1\/2&#8243; css=&#8221;.vc_custom_1604070519718{padding-top: 32px !important;padding-right: 32px !important;padding-bottom: 32px !important;padding-left: 32px !important;background-color: rgba(28,28,28,0.64) !important;*background-color: rgb(28,28,28) !important;border-radius: 25px !important;}&#8221;][vc_custom_heading text=&#8221;Mettez sous contr\u00f4le l&#8217;approvisionnement en bouteilles de gaz&#8221; font_container=&#8221;tag:h2|font_size:32px|text_align:left&#8221; use_theme_fonts=&#8221;yes&#8221;]<div class=\"vc_custom_1605543335120 wpex-clr\"><a href=\"http:\/\/www.clessefrance.fr\/compacti\/features-benefits\/\" class=\"vcex-button theme-button large align-left inline animate-on-hover\" style=\"padding-right:32px;padding-left:32px;color:#000000;border-radius:23px;\"><span class=\"theme-button-inner\">En savoir plus<\/span><\/a><\/div> [\/vc_column_inner][vc_column_inner width=&#8221;1\/2&#8243;][\/vc_column_inner][\/vc_row_inner][\/vc_column][\/vc_row][vc_row][vc_column][vc_column_text css=&#8221;.vc_custom_1605543364025{padding-top: 32px !important;padding-right: 32px !important;padding-bottom: 32px !important;padding-left: 32px !important;}&#8221;]\n<h2 style=\"text-align: center;\"><span style=\"font-size: 28px;\">Tout savoir sur l&#8217;application CompacTi<\/span><\/h2>\n<p style=\"text-align: center;\"><span style=\"font-size: 18px;\">Connecter votre produit Clesse \u00e0 un mobile ou \u00e0 une tablette ne pourrait pas \u00eatre plus simple en utilisant l&#8217;application CompacTI.<\/span><br \/>\n<span style=\"font-size: 18px;\">L&#8217;utilisation d&#8217;une suite d&#8217;algorythmes permet de g\u00e9rer les bouteilles de gaz de mani\u00e8re plus efficace et plus pratique.<\/span><\/p>\n[\/vc_column_text][\/vc_column][\/vc_row][vc_row full_width=&#8221;stretch_row&#8221; content_placement=&#8221;middle&#8221; min_height=&#8221;550px&#8221; css=&#8221;.vc_custom_1604073564911{background-image: url(http:\/\/www.clessefrance.fr\/compacti\/wp-content\/uploads\/2020\/10\/k-hand.jpg?id=1092) !important;background-position: center !important;background-repeat: no-repeat !important;background-size: cover !important;}&#8221; wpex_bg_position=&#8221;left center&#8221;][vc_column][vc_row_inner][vc_column_inner width=&#8221;1\/2&#8243; css=&#8221;.vc_custom_1604070747395{padding-top: 32px !important;padding-right: 32px !important;padding-bottom: 32px !important;padding-left: 32px !important;border-radius: 25px !important;}&#8221;][\/vc_column_inner][vc_column_inner width=&#8221;1\/2&#8243; css=&#8221;.vc_custom_1604070754437{padding-top: 32px !important;padding-right: 32px !important;padding-bottom: 32px !important;padding-left: 32px !important;background-color: rgba(28,28,28,0.64) !important;*background-color: rgb(28,28,28) !important;border-radius: 25px !important;}&#8221;][vc_custom_heading text=&#8221;Commandez du gaz directement de la maison \u00e0 votre fournisseur&#8221; font_container=&#8221;tag:h2|font_size:32px|text_align:right&#8221; use_theme_fonts=&#8221;yes&#8221;]<div class=\"vc_custom_1605543385523 wpex-clr\"><a href=\"http:\/\/www.clessefrance.fr\/compacti\/order-gas\/\" class=\"vcex-button theme-button large align-right inline animate-on-hover\" style=\"padding-right:32px;padding-left:32px;color:#000000;border-radius:23px;\"><span class=\"theme-button-inner\">En savoir plus <\/span><\/a><\/div> [\/vc_column_inner][\/vc_row_inner][\/vc_column][\/vc_row][vc_row content_placement=&#8221;middle&#8221; css=&#8221;.vc_custom_1604071291425{margin-top: 54px !important;margin-bottom: 23px !important;}&#8221;][vc_column][vc_single_image image=&#8221;1270&#8243; alignment=&#8221;center&#8221;][\/vc_column][\/vc_row][vc_row full_width=&#8221;stretch_row&#8221; content_placement=&#8221;middle&#8221; min_height=&#8221;550px&#8221; css=&#8221;.vc_custom_1611584100336{background-image: url(https:\/\/www.clessefrance.fr\/compacti\/wp-content\/uploads\/2021\/01\/hand2-tank2-check.jpg?id=1371) !important;background-position: center !important;background-repeat: no-repeat !important;background-size: cover !important;}&#8221; wpex_bg_position=&#8221;right center&#8221;][vc_column][vc_row_inner][vc_column_inner width=&#8221;1\/2&#8243; css=&#8221;.vc_custom_1604070519718{padding-top: 32px !important;padding-right: 32px !important;padding-bottom: 32px !important;padding-left: 32px !important;background-color: rgba(28,28,28,0.64) !important;*background-color: rgb(28,28,28) !important;border-radius: 25px !important;}&#8221;][vc_custom_heading text=&#8221;Diminuez la quantit\u00e9 de gaz renvoy\u00e9e au fournisseur lorsque vous &#8220;pensez&#8220; que les bouteilles sont vides&#8221; font_container=&#8221;tag:h2|font_size:32px|text_align:left&#8221; use_theme_fonts=&#8221;yes&#8221;]<div class=\"vc_custom_1605543897243 wpex-clr\"><a href=\"http:\/\/www.clessefrance.fr\/compacti\/cii\/\" class=\"vcex-button theme-button large align-left inline animate-on-hover\" style=\"padding-right:32px;padding-left:32px;color:#000000;border-radius:23px;\"><span class=\"theme-button-inner\">En savoir plus<\/span><\/a><\/div> [\/vc_column_inner][vc_column_inner width=&#8221;1\/2&#8243;][\/vc_column_inner][\/vc_row_inner][\/vc_column][\/vc_row][vc_row full_width=&#8221;stretch_row_content&#8221; content_placement=&#8221;top&#8221; min_height=&#8221;550px&#8221; css=&#8221;.vc_custom_1605094425566{margin-top: 65px !important;margin-bottom: 43px !important;background-position: center !important;background-repeat: no-repeat !important;background-size: cover !important;}&#8221; wpex_bg_position=&#8221;center center&#8221; el_id=&#8221;bot-map&#8221; el_class=&#8221;bot-map&#8221;][vc_column el_id=&#8221;bot-map&#8221;][vc_column_text css=&#8221;.vc_custom_1605544162174{padding-top: 32px !important;padding-right: 32px !important;padding-bottom: 32px !important;padding-left: 32px !important;}&#8221;]\n<h2 style=\"text-align: center;\"><span style=\"font-size: 28px;\">Roadmap du syst\u00e8me CompacTi<\/span><\/h2>\n[\/vc_column_text]<div class=\"textcenter theme-button-wrap clr\"><a href=\"http:\/\/www.clessefrance.fr\/compacti\/downloads\/\" class=\"vcex-button theme-button align-center inline animate-on-hover\" style=\"color:#000000;\"><span class=\"theme-button-inner\">T\u00e9l\u00e9chargez la roadmap<\/span><\/a><\/div> [vc_single_image image=&#8221;1321&#8243; alignment=&#8221;center&#8221; onclick=&#8221;custom_link&#8221; css=&#8221;.vc_custom_1606477850160{margin-right: 22px !important;margin-left: 22px !important;}&#8221; link=&#8221;http:\/\/www.clessefrance.fr\/compacti\/the-compacti-system\/&#8221;][\/vc_column][\/vc_row][vc_row full_width=&#8221;stretch_row_content&#8221; content_placement=&#8221;top&#8221; min_height=&#8221;550px&#8221; css=&#8221;.vc_custom_1605094483806{background-position: center !important;background-repeat: no-repeat !important;background-size: cover !important;}&#8221; wpex_bg_position=&#8221;center center&#8221; el_id=&#8221;bot-map1&#8243;][vc_column][vc_column_text css=&#8221;.vc_custom_1606477669813{padding-top: 32px !important;padding-right: 32px !important;padding-bottom: 32px !important;padding-left: 32px !important;}&#8221;]\n<h2 style=\"text-align: center;\"><span style=\"font-size: 28px;\">Roadmap du syst\u00e8me CompacTi<\/span><\/h2>\n[\/vc_column_text]<div class=\"textcenter theme-button-wrap clr\"><a href=\"http:\/\/www.clessefrance.fr\/compacti\/downloads\/\" class=\"vcex-button theme-button align-center inline animate-on-hover\" style=\"color:#000000;\"><span class=\"theme-button-inner\">T\u00e9l\u00e9chargez la roadmap<\/span><\/a><\/div> [vc_single_image image=&#8221;1294&#8243; alignment=&#8221;center&#8221; onclick=&#8221;custom_link&#8221; css=&#8221;.vc_custom_1605548340019{margin-top: 21px !important;margin-right: 22px !important;margin-left: 22px !important;}&#8221; link=&#8221;http:\/\/www.clessefrance.fr\/compacti\/the-compacti-system\/&#8221;][\/vc_column][\/vc_row][vc_row full_width=&#8221;stretch_row&#8221; content_placement=&#8221;middle&#8221; css=&#8221;.vc_custom_1724333205584{background-position: center !important;background-repeat: no-repeat !important;background-size: cover !important;}&#8221; wpex_bg_position=&#8221;center center&#8221;][vc_column][vc_column_text css=&#8221;.vc_custom_1724331935468{padding-top: 32px !important;padding-right: 32px !important;padding-bottom: 32px !important;padding-left: 32px !important;}&#8221;]\n<h2 style=\"text-align: center;\"><span style=\"font-size: 28px;\"><span lang=\"EN-US\">Nos clients t\u00e9moignent !<\/span><\/span><\/h2>\n[\/vc_column_text][vc_row_inner content_placement=&#8221;middle&#8221;][vc_column_inner width=&#8221;1\/6&#8243;][\/vc_column_inner][vc_column_inner width=&#8221;4\/6&#8243;][vc_column_text text_align=&#8221;center&#8221;]\n<div style=\"width: 980px;\" class=\"wp-video\"><!--[if lt IE 9]><script>document.createElement('video');<\/script><![endif]-->\n<video class=\"wp-video-shortcode\" id=\"video-1031-1\" width=\"980\" height=\"551\" poster=\"https:\/\/www.clessefrance.fr\/compacti\/wp-content\/uploads\/2024\/08\/cov-co.jpg\" preload=\"metadata\" controls=\"controls\"><source type=\"video\/mp4\" src=\"https:\/\/www.clessefrance.fr\/compacti\/wp-content\/uploads\/2024\/08\/CLESSE-SOUS-TITRES.mp4?_=1\" \/><a href=\"https:\/\/www.clessefrance.fr\/compacti\/wp-content\/uploads\/2024\/08\/CLESSE-SOUS-TITRES.mp4\">https:\/\/www.clessefrance.fr\/compacti\/wp-content\/uploads\/2024\/08\/CLESSE-SOUS-TITRES.mp4<\/a><\/video><\/div>\n[\/vc_column_text][\/vc_column_inner][vc_column_inner width=&#8221;1\/6&#8243;][\/vc_column_inner][\/vc_row_inner][\/vc_column][\/vc_row][vc_row][vc_column][vc_column_text]\n<h2 style=\"text-align: center;\"><span style=\"font-size: 14px;\"><a href=\"http:\/\/www.clessefrance.fr\/compacti\/whats-inside-that-counts\/\">Ce qui compte est \u00e0 l&#8217;int\u00e9rieur<\/a> \u00a0 | \u00a0 <a href=\"http:\/\/www.clessefrance.fr\/compacti\/operating-principle\/\">Principe de fonctionnement<\/a>\u00a0 |\u00a0 <a href=\"http:\/\/www.clessefrance.fr\/compacti\/products-service-packages\/\">Produits<\/a> \u00a0 | \u00a0 <a href=\"http:\/\/www.clessefrance.fr\/compacti\/service-package-comparisons\/\">Comparaison des offres<\/a> \u00a0 | \u00a0 <a href=\"http:\/\/www.clessefrance.fr\/compacti\/instructions\/\">Notice<\/a><\/span><br \/>\n<span style=\"font-size: 14px;\"><a href=\"http:\/\/www.clessefrance.fr\/compacti\/downloads\/\">T\u00e9l\u00e9chargements<\/a> \u00a0 | \u00a0 <a href=\"http:\/\/www.clessefrance.fr\/compacti\/frequently-asked-questions\/\">FAQ&#8217;S<\/a> \u00a0 |\u00a0\u00a0 <a href=\"http:\/\/www.clessefrance.fr\/compacti\/how-to-videos\/\">&#8220;How to&#8221; videos\u00a0<\/a>\u00a0 | \u00a0 <a href=\"http:\/\/www.clessefrance.fr\/compacti\/gdpr\/\">GDRP<\/a> \u00a0 | \u00a0 <a href=\"http:\/\/www.clessefrance.fr\/contact-home\/\">Contact\u00a0 <\/a>\u00a0| \u00a0 <a href=\"http:\/\/www.clessefrance.fr\/compacti\/warranty\/\">Garantie<\/a><\/span><\/h2>\n[\/vc_column_text][\/vc_column][\/vc_row]\n","protected":false},"excerpt":{"rendered":"<p>[vc_row disable_element=&#8221;yes&#8221; css=&#8221;.vc_custom_1601025593875{margin-top: 21px !important;}&#8221;][vc_column width=&#8221;1\/6&#8243;][\/vc_column][vc_column width=&#8221;2\/3&#8243;][vc_single_image image=&#8221;311&#8243; img_size=&#8221;600&#215;186&#8243; alignment=&#8221;center&#8221;][\/vc_column][vc_column width=&#8221;1\/6&#8243;][\/vc_column][\/vc_row][vc_row full_width=&#8221;stretch_row_content_no_spaces&#8221; column_spacing=&#8221;0px&#8221; css=&#8221;.vc_custom_1601027406851{margin-top: -220px !important;margin-bottom: 0px !important;padding-top: 0px !important;background-image: url(http:\/\/www.clessefrance.fr\/compacti\/wp-content\/uploads\/2020\/09\/bottles3new2.png?id=640) !important;background-position: 0 0 !important;background-repeat: repeat-x !important;}&#8221; min_height=&#8221;236px&#8221; wpex_bg_position=&#8221;center bottom&#8221; wpex_zindex=&#8221;-1&#8243; el_id=&#8221;bottlesTOP&#8221; el_class=&#8221;bottlesTOP&#8221;][vc_column offset=&#8221;vc_hidden-sm vc_hidden-xs&#8221;][\/vc_column][\/vc_row][vc_row full_width=&#8221;stretch_row_content&#8221; content_placement=&#8221;top&#8221; column_spacing=&#8221;0px&#8221; equal_height=&#8221;yes&#8221; css=&#8221;.vc_custom_1605093640819{margin-bottom:&hellip;<\/p>\n","protected":false},"author":1,"featured_media":0,"parent":0,"menu_order":0,"comment_status":"closed","ping_status":"closed","template":"","meta":{"footnotes":""},"class_list":["post-1031","page","type-page","status-publish","hentry","entry","no-media"],"_links":{"self":[{"href":"https:\/\/www.clessefrance.fr\/compacti\/wp-json\/wp\/v2\/pages\/1031","targetHints":{"allow":["GET"]}}],"collection":[{"href":"https:\/\/www.clessefrance.fr\/compacti\/wp-json\/wp\/v2\/pages"}],"about":[{"href":"https:\/\/www.clessefrance.fr\/compacti\/wp-json\/wp\/v2\/types\/page"}],"author":[{"embeddable":true,"href":"https:\/\/www.clessefrance.fr\/compacti\/wp-json\/wp\/v2\/users\/1"}],"replies":[{"embeddable":true,"href":"https:\/\/www.clessefrance.fr\/compacti\/wp-json\/wp\/v2\/comments?post=1031"}],"version-history":[{"count":79,"href":"https:\/\/www.clessefrance.fr\/compacti\/wp-json\/wp\/v2\/pages\/1031\/revisions"}],"predecessor-version":[{"id":1391,"href":"https:\/\/www.clessefrance.fr\/compacti\/wp-json\/wp\/v2\/pages\/1031\/revisions\/1391"}],"wp:attachment":[{"href":"https:\/\/www.clessefrance.fr\/compacti\/wp-json\/wp\/v2\/media?parent=1031"}],"curies":[{"name":"wp","href":"https:\/\/api.w.org\/{rel}","templated":true}]}}