{"id":1095,"date":"2020-11-02T14:03:24","date_gmt":"2020-11-02T14:03:24","guid":{"rendered":"http:\/\/www.clessefrance.fr\/compacti\/?page_id=1095"},"modified":"2020-12-03T11:03:35","modified_gmt":"2020-12-03T11:03:35","slug":"order-gas-2-2","status":"publish","type":"page","link":"https:\/\/www.clessefrance.fr\/compacti\/order-gas-2-2\/","title":{"rendered":"Order Gas 2"},"content":{"rendered":"[vc_row][vc_column][vc_custom_heading text=&#8221;Commande de gaz&#8221; font_container=&#8221;tag:h1|text_align:center&#8221; use_theme_fonts=&#8221;yes&#8221;][\/vc_column][\/vc_row][vc_row full_width=&#8221;stretch_row_content_no_spaces&#8221; column_spacing=&#8221;0px&#8221; css=&#8221;.vc_custom_1601027406851{margin-top: -220px !important;margin-bottom: 0px !important;padding-top: 0px !important;background-image: url(http:\/\/www.clessefrance.fr\/compacti\/wp-content\/uploads\/2020\/09\/bottles3new2.png?id=640) !important;background-position: 0 0 !important;background-repeat: repeat-x !important;}&#8221; min_height=&#8221;236px&#8221; wpex_bg_position=&#8221;center bottom&#8221; wpex_zindex=&#8221;-1&#8243; el_id=&#8221;bottlesTOP&#8221; el_class=&#8221;bottlesTOP&#8221;][vc_column offset=&#8221;vc_hidden-sm vc_hidden-xs&#8221;][\/vc_column][\/vc_row][vc_row full_width=&#8221;stretch_row_content&#8221; content_placement=&#8221;top&#8221; column_spacing=&#8221;0px&#8221; equal_height=&#8221;yes&#8221; css=&#8221;.vc_custom_1605178270401{margin-bottom: 2px !important;background-position: center !important;background-repeat: no-repeat !important;background-size: cover !important;}&#8221; wpex_bg_position=&#8221;left center&#8221; min_height=&#8221;480px&#8221; el_id=&#8221;top-pics&#8221;][vc_column width=&#8221;1\/2&#8243; css=&#8221;.vc_custom_1604394873995{background-image: url(http:\/\/www.clessefrance.fr\/compacti\/wp-content\/uploads\/2020\/11\/sofa-frame-animation3-crop.gif?id=1130) !important;background-position: center !important;background-repeat: no-repeat !important;background-size: cover !important;}&#8221;][vc_row_inner content_placement=&#8221;bottom&#8221;][vc_column_inner]<h2 class=\"vcex-module vcex-heading vcex-heading-plain vc_custom_1605545883455\" style=\"color:#000000;font-size:15px;text-align:center;\"><span class=\"vcex-heading-inner clr\">Utilisateurs<\/span><\/h2>[\/vc_column_inner][\/vc_row_inner][\/vc_column][vc_column width=&#8221;1\/2&#8243; css=&#8221;.vc_custom_1604322247943{background-image: url(http:\/\/www.clessefrance.fr\/compacti\/wp-content\/uploads\/2020\/11\/iStock-1207345161-web.jpg?id=1102) !important;background-position: center !important;background-repeat: no-repeat !important;background-size: cover !important;}&#8221;][vc_row_inner][vc_column_inner]<h2 class=\"vcex-module vcex-heading vcex-heading-plain vc_custom_1605545890322\" style=\"color:#000000;font-size:15px;text-align:center;\"><span class=\"vcex-heading-inner clr\">Fournisseurs et gestionnaires de campings<\/span><\/h2>[\/vc_column_inner][\/vc_row_inner][\/vc_column][\/vc_row][vc_row content_placement=&#8221;bottom&#8221; column_spacing=&#8221;0px&#8221; css=&#8221;.vc_custom_1605178159451{margin-top: -477px !important;margin-right: 0px !important;margin-bottom: 0px !important;margin-left: 0px !important;}&#8221; wpex_zindex=&#8221;9999&#8243; el_id=&#8221;phone&#8221;][vc_column width=&#8221;1\/3&#8243;][vc_column_text text_align=&#8221;center&#8221; css=&#8221;.vc_custom_1605545898087{margin-top: 21px !important;margin-right: 10% !important;margin-left: 10% !important;border-top-width: 8px !important;border-right-width: 8px !important;border-bottom-width: 8px !important;border-left-width: 8px !important;padding-top: 21px !important;padding-right: 21px !important;padding-bottom: 21px !important;padding-left: 21px !important;background-color: #c1c1c1 !important;border-left-color: #1c1c1c !important;border-right-color: #1c1c1c !important;border-top-color: #1c1c1c !important;border-bottom-color: #1c1c1c !important;border-radius: 25px !important;}&#8221; color=&#8221;#000000&#8243;]Recevoir une notification de l&#8217;application depuis la maison &amp; envoyer la commande de gaz au fournisseur ou gestionnaire de campings en un seul clic[\/vc_column_text][\/vc_column][vc_column width=&#8221;1\/3&#8243;][vc_single_image image=&#8221;1244&#8243; alignment=&#8221;center&#8221;][\/vc_column][vc_column width=&#8221;1\/3&#8243;][vc_column_text text_align=&#8221;center&#8221; css=&#8221;.vc_custom_1605545905795{margin-top: 21px !important;margin-right: 10% !important;margin-left: 10% !important;border-top-width: 8px !important;border-right-width: 8px !important;border-bottom-width: 8px !important;border-left-width: 8px !important;padding-top: 21px !important;padding-right: 21px !important;padding-bottom: 21px !important;padding-left: 21px !important;background-color: #c1c1c1 !important;border-left-color: #1c1c1c !important;border-right-color: #1c1c1c !important;border-top-color: #1c1c1c !important;border-bottom-color: #1c1c1c !important;border-radius: 25px !important;}&#8221; color=&#8221;#000000&#8243;]Recevoir une demande du client par email depuis l&#8217;application, et planifier le planning qui vous convient[\/vc_column_text][\/vc_column][\/vc_row][vc_row el_id=&#8221;howit&#8221;][vc_column][vc_column_text]\n<h1 style=\"text-align: center;\"><span style=\"font-size: 32px;\">Comment \u00e7a marche?<\/span><\/h1>\n<h2 style=\"text-align: center;\"><span style=\"color: #ffffff;\">En seulement 4 \u00e9tapes, la commande de gaz peut \u00eatre envoy\u00e9e du client au fournisseur<\/span><\/h2>\n<p style=\"text-align: center;\">Clients et fournisseurs, vou \u00eates int\u00e9ress\u00e9s par cette nouvelle \u00e9tonnante innovation?<\/p>\n<p style=\"text-align: center;\">Pour enregistrer votre int\u00e9r\u00eat pour la facilit\u00e9 de la commande de gaz, merci de compl\u00e9ter le formulaire ci-dessous<\/p>\n[\/vc_column_text][\/vc_column][\/vc_row][vc_row el_id=&#8221;graytext&#8221; el_class=&#8221;graytext&#8221;][vc_column]<div role=\"form\" class=\"wpcf7\" id=\"wpcf7-f295-o1\" lang=\"en-GB\" dir=\"ltr\">\n<div class=\"screen-reader-response\"><\/div>\n<form action=\"\/compacti\/wp-json\/wp\/v2\/pages\/1095#wpcf7-f295-o1\" method=\"post\" class=\"wpcf7-form\" novalidate=\"novalidate\">\n<div style=\"display: none;\">\n<input type=\"hidden\" name=\"_wpcf7\" value=\"295\" \/>\n<input type=\"hidden\" name=\"_wpcf7_version\" value=\"5.1.6\" \/>\n<input type=\"hidden\" name=\"_wpcf7_locale\" value=\"en_GB\" \/>\n<input type=\"hidden\" name=\"_wpcf7_unit_tag\" value=\"wpcf7-f295-o1\" \/>\n<input type=\"hidden\" name=\"_wpcf7_container_post\" value=\"0\" \/>\n<\/div>\n<div class=\"clearfix\">\n<div id=\"left\">\n        <span class=\"wpcf7-form-control-wrap text-301\"><input type=\"text\" name=\"text-301\" value=\"\" size=\"40\" class=\"wpcf7-form-control wpcf7-text wpcf7-validates-as-required myinput\" aria-required=\"true\" aria-invalid=\"false\" placeholder=\"Nom\" \/><\/span><\/p>\n<p><span class=\"wpcf7-form-control-wrap text-303\"><textarea name=\"text-303\" cols=\"40\" rows=\"10\" class=\"wpcf7-form-control wpcf7-textarea wpcf7-validates-as-required mymessage\" aria-required=\"true\" aria-invalid=\"false\" placeholder=\"Adresse\"><\/textarea><\/span><\/p>\n<p><span class=\"wpcf7-form-control-wrap text-786\"><input type=\"text\" name=\"text-786\" value=\"\" size=\"40\" class=\"wpcf7-form-control wpcf7-text wpcf7-validates-as-required myinput\" aria-required=\"true\" aria-invalid=\"false\" placeholder=\"Code postal\" \/><\/span><\/p>\n<p><span class=\"wpcf7-form-control-wrap email-826\"><input type=\"email\" name=\"email-826\" value=\"\" size=\"40\" class=\"wpcf7-form-control wpcf7-text wpcf7-email wpcf7-validates-as-required wpcf7-validates-as-email myinput\" aria-required=\"true\" aria-invalid=\"false\" placeholder=\"Email\" \/><\/span><\/p><\/div>\n<div id=\"right\">\n<p><span class=\"wpcf7-form-control-wrap menu-629\"><select name=\"menu-629\" class=\"wpcf7-form-control wpcf7-select wpcf7-validates-as-required myinput\" aria-required=\"true\" aria-invalid=\"false\"><option value=\"Merci de s\u00e9lectionner\">Merci de s\u00e9lectionner<\/option><option value=\"Consumer\">Consumer<\/option><option value=\"Supplier\">Supplier<\/option><\/select><\/span><\/p>\n<p><span class=\"wpcf7-form-control-wrap text-789\"><input type=\"text\" name=\"text-789\" value=\"\" size=\"40\" class=\"wpcf7-form-control wpcf7-text wpcf7-validates-as-required myinput\" aria-required=\"true\" aria-invalid=\"false\" placeholder=\"Quantit\u00e9 souhait\u00e9e\" \/><\/span><\/p>\n<p><span class=\"wpcf7-form-control-wrap text-790\"><input type=\"text\" name=\"text-790\" value=\"\" size=\"40\" class=\"wpcf7-form-control wpcf7-text wpcf7-validates-as-required myinput\" aria-required=\"true\" aria-invalid=\"false\" placeholder=\"num\u00e9ro de t\u00e9l\u00e9phone\" \/><\/span><\/p>\n<p>        <span class=\"wpcf7-form-control-wrap message-374\"><textarea name=\"message-374\" cols=\"40\" rows=\"10\" class=\"wpcf7-form-control wpcf7-textarea wpcf7-validates-as-required mymessage\" aria-required=\"true\" aria-invalid=\"false\" placeholder=\"Message\"><\/textarea><\/span>\n    <\/p><\/div>\n<\/div>\n<p><input type=\"submit\" value=\"Envoyer\" class=\"wpcf7-form-control wpcf7-submit mysend\" \/><\/p>\n<div class=\"wpcf7-response-output wpcf7-display-none\"><\/div><\/form><\/div>[\/vc_column][\/vc_row][vc_row el_class=&#8221;graytext&#8221;][vc_column width=&#8221;1\/2&#8243;][vc_single_image image=&#8221;1116&#8243; alignment=&#8221;center&#8221;][\/vc_column][vc_column width=&#8221;1\/2&#8243;][vc_column_text]\n<div style=\"width: 980px;\" class=\"wp-video\"><!--[if lt IE 9]><script>document.createElement('video');<\/script><![endif]-->\n<video class=\"wp-video-shortcode\" id=\"video-1095-1\" width=\"980\" height=\"551\" preload=\"metadata\" controls=\"controls\"><source type=\"video\/mp4\" src=\"https:\/\/www.clessefrance.fr\/compacti\/wp-content\/uploads\/2020\/11\/10-CompacTI-commander-votre-gaz-finale.mp4?_=1\" \/><a href=\"https:\/\/www.clessefrance.fr\/compacti\/wp-content\/uploads\/2020\/11\/10-CompacTI-commander-votre-gaz-finale.mp4\">https:\/\/www.clessefrance.fr\/compacti\/wp-content\/uploads\/2020\/11\/10-CompacTI-commander-votre-gaz-finale.mp4<\/a><\/video><\/div>\n[\/vc_column_text][\/vc_column][\/vc_row][vc_row full_width=&#8221;stretch_row_content_no_spaces&#8221; column_spacing=&#8221;0px&#8221; css=&#8221;.vc_custom_1600948308385{margin-top: -32px !important;margin-bottom: 0px !important;padding-top: 0px !important;background-image: url(http:\/\/www.clessefrance.fr\/compacti\/\/wp-content\/uploads\/2020\/01\/bottles3.png?id=96) !important;background-position: 0 0 !important;background-repeat: no-repeat !important;}&#8221; min_height=&#8221;236px&#8221; wpex_bg_position=&#8221;center center&#8221;][vc_column][\/vc_column][\/vc_row][vc_row][vc_column]<div class=\"templatera_shortcode\"><div class=\"vc_row wpb_row vc_row-fluid\"><div class=\"wpb_column vc_column_container vc_col-sm-12\"><div class=\"vc_column-inner\"><div class=\"wpb_wrapper\">\n\t<div class=\"wpb_text_column wpb_content_element \" >\n\t\t<div class=\"wpb_wrapper\">\n\t\t\t<h2 style=\"text-align: center;\"><span style=\"font-size: 14px;\"><a href=\"http:\/\/www.clessefrance.fr\/compacti\/whats-inside-that-counts\/\">Ce qui compte est \u00e0 l'int\u00e9rieur<\/a> \u00a0 | \u00a0 <a href=\"http:\/\/www.clessefrance.fr\/compacti\/operating-principle\/\">Principe de fonctionnement<\/a> \u00a0 | \u00a0 <a href=\"http:\/\/www.clessefrance.fr\/compacti\/products-service-packages\/\">Produits<\/a> \u00a0 | \u00a0 <a href=\"http:\/\/www.clessefrance.fr\/compacti\/service-package-comparisons\/\">Comparaison des offres<\/a> \u00a0 | \u00a0 <a href=\"http:\/\/www.clessefrance.fr\/compacti\/instructions\/\">Notice<\/a><\/span><br \/>\n<span style=\"font-size: 14px;\"><a href=\"http:\/\/www.clessefrance.fr\/compacti\/downloads\/\">T\u00e9l\u00e9chargements<\/a> \u00a0 | \u00a0 <a href=\"http:\/\/www.clessefrance.fr\/compacti\/frequently-asked-questions\/\">FAQ'S<\/a> \u00a0 | \u00a0 <a href=\"http:\/\/www.clessefrance.fr\/compacti\/how-to-videos\/\">\"How to\" videos\u00a0 <\/a>\u00a0| \u00a0 <a href=\"http:\/\/www.clessefrance.fr\/compacti\/gdpr\/\">GDRP<\/a> \u00a0 | \u00a0 <a href=\"http:\/\/www.clessefrance.fr\/contact-home\/\">Contact\u00a0 <\/a>\u00a0| \u00a0 <a href=\"http:\/\/www.clessefrance.fr\/compacti\/warranty\/\">Garantie<\/a><\/span><\/h2>\n\n\t\t<\/div>\n\t<\/div>\n<\/div><\/div><\/div><\/div><\/div>[\/vc_column][\/vc_row]\n","protected":false},"excerpt":{"rendered":"Commande de gazUtilisateursFournisseurs et gestionnaires de campings Recevoir une notification de l'application depuis la maison &amp; envoyer la commande de gaz au fournisseur ou gestionnaire de campings en un seul clic Recevoir une demande du client par email depuis l'application,&hellip;","protected":false},"author":1,"featured_media":0,"parent":0,"menu_order":0,"comment_status":"closed","ping_status":"closed","template":"","meta":{"footnotes":""},"class_list":["post-1095","page","type-page","status-publish","hentry","entry","no-media"],"_links":{"self":[{"href":"https:\/\/www.clessefrance.fr\/compacti\/wp-json\/wp\/v2\/pages\/1095","targetHints":{"allow":["GET"]}}],"collection":[{"href":"https:\/\/www.clessefrance.fr\/compacti\/wp-json\/wp\/v2\/pages"}],"about":[{"href":"https:\/\/www.clessefrance.fr\/compacti\/wp-json\/wp\/v2\/types\/page"}],"author":[{"embeddable":true,"href":"https:\/\/www.clessefrance.fr\/compacti\/wp-json\/wp\/v2\/users\/1"}],"replies":[{"embeddable":true,"href":"https:\/\/www.clessefrance.fr\/compacti\/wp-json\/wp\/v2\/comments?post=1095"}],"version-history":[{"count":26,"href":"https:\/\/www.clessefrance.fr\/compacti\/wp-json\/wp\/v2\/pages\/1095\/revisions"}],"predecessor-version":[{"id":1339,"href":"https:\/\/www.clessefrance.fr\/compacti\/wp-json\/wp\/v2\/pages\/1095\/revisions\/1339"}],"wp:attachment":[{"href":"https:\/\/www.clessefrance.fr\/compacti\/wp-json\/wp\/v2\/media?parent=1095"}],"curies":[{"name":"wp","href":"https:\/\/api.w.org\/{rel}","templated":true}]}}