{"id":1158,"date":"2020-11-05T08:42:41","date_gmt":"2020-11-05T08:42:41","guid":{"rendered":"http:\/\/www.clessefrance.fr\/compacti\/?page_id=1158"},"modified":"2020-11-27T11:59:08","modified_gmt":"2020-11-27T11:59:08","slug":"uk-contact-us","status":"publish","type":"page","link":"https:\/\/www.clessefrance.fr\/compacti\/uk-contact-us\/","title":{"rendered":"UK Contact Us"},"content":{"rendered":"[vc_row full_width=&#8221;stretch_row_content_no_spaces&#8221; column_spacing=&#8221;0px&#8221; css=&#8221;.vc_custom_1604565874974{margin-top: -220px !important;margin-bottom: 40px !important;padding-top: 0px !important;background-image: url(http:\/\/www.clessefrance.fr\/compacti\/wp-content\/uploads\/2020\/09\/bottles3new2.png?id=640) !important;background-position: 0 0 !important;background-repeat: repeat-x !important;}&#8221; min_height=&#8221;236px&#8221; wpex_bg_position=&#8221;center bottom&#8221; wpex_zindex=&#8221;-1&#8243; el_id=&#8221;bottlesTOP&#8221; el_class=&#8221;bottlesTOP&#8221;][vc_column offset=&#8221;vc_hidden-sm vc_hidden-xs&#8221;][\/vc_column][\/vc_row][vc_row][vc_column][vc_gmaps link=&#8221;#E-8_JTNDaWZyYW1lJTIwc3JjJTNEJTIyaHR0cHMlM0ElMkYlMkZ3d3cuZ29vZ2xlLmNvbSUyRm1hcHMlMkZlbWJlZCUzRnBiJTNEJTIxMW0xNCUyMTFtOCUyMTFtMyUyMTFkMTExMzcuMTA2MjE3OTUxMTI4JTIxMmQzLjE1NTA5MTIlMjEzZDQ1Ljc0NTYwMTQlMjEzbTIlMjExaTEwMjQlMjEyaTc2OCUyMTRmMTMuMSUyMTNtMyUyMTFtMiUyMTFzMHgwJTI1M0EweDMyYTc4NTE4YTAyZTNlNjUlMjEyc0NsZXNzZSUyNTIwSW5kdXN0cmllcyUyMTVlMCUyMTNtMiUyMTFzZW4lMjEyc3VrJTIxNHYxNjA2NDc4MzIxOTc5JTIxNW0yJTIxMXNlbiUyMTJzdWslMjIlMjB3aWR0aCUzRCUyMjYwMCUyMiUyMGhlaWdodCUzRCUyMjQ1MCUyMiUyMGZyYW1lYm9yZGVyJTNEJTIyMCUyMiUyMHN0eWxlJTNEJTIyYm9yZGVyJTNBMCUzQiUyMiUyMGFsbG93ZnVsbHNjcmVlbiUzRCUyMiUyMiUyMGFyaWEtaGlkZGVuJTNEJTIyZmFsc2UlMjIlMjB0YWJpbmRleCUzRCUyMjAlMjIlM0UlM0MlMkZpZnJhbWUlM0U=&#8221; size=&#8221;350&#8243;][vc_empty_space height=&#8221;35px&#8221;][vc_row_inner][vc_column_inner width=&#8221;2\/3&#8243;][vc_column_text]<span style=\"color: #e8c850;\"><strong>Merci de remplir ce formulaire ou de nous contacter directement :<\/strong><\/span>[\/vc_column_text]<div role=\"form\" class=\"wpcf7\" id=\"wpcf7-f1159-o1\" lang=\"en-GB\" dir=\"ltr\">\n<div class=\"screen-reader-response\"><\/div>\n<form action=\"\/compacti\/wp-json\/wp\/v2\/pages\/1158#wpcf7-f1159-o1\" method=\"post\" class=\"wpcf7-form\" novalidate=\"novalidate\">\n<div style=\"display: none;\">\n<input type=\"hidden\" name=\"_wpcf7\" value=\"1159\" \/>\n<input type=\"hidden\" name=\"_wpcf7_version\" value=\"5.1.6\" \/>\n<input type=\"hidden\" name=\"_wpcf7_locale\" value=\"en_GB\" \/>\n<input type=\"hidden\" name=\"_wpcf7_unit_tag\" value=\"wpcf7-f1159-o1\" \/>\n<input type=\"hidden\" name=\"_wpcf7_container_post\" value=\"0\" \/>\n<\/div>\n<p>NOM (obligatoire)<br \/>\n    <span class=\"wpcf7-form-control-wrap your-name\"><input type=\"text\" name=\"your-name\" value=\"\" size=\"40\" class=\"wpcf7-form-control wpcf7-text wpcf7-validates-as-required\" aria-required=\"true\" aria-invalid=\"false\" \/><\/span> <\/p>\n<p>Email (obligatoire)<br \/>\n    <span class=\"wpcf7-form-control-wrap your-email\"><input type=\"email\" name=\"your-email\" value=\"\" size=\"40\" class=\"wpcf7-form-control wpcf7-text wpcf7-email wpcf7-validates-as-required wpcf7-validates-as-email\" aria-required=\"true\" aria-invalid=\"false\" \/><\/span> <\/p>\n<p>Num\u00e9ro de t\u00e9l\u00e9phone (obligatoire)<br \/>\n    <span class=\"wpcf7-form-control-wrap tel-649\"><input type=\"tel\" name=\"tel-649\" value=\"\" size=\"40\" class=\"wpcf7-form-control wpcf7-text wpcf7-tel wpcf7-validates-as-required wpcf7-validates-as-tel\" id=\"mytel\" aria-required=\"true\" aria-invalid=\"false\" \/><\/span><\/p>\n<p>Sujet<br \/>\n    <span class=\"wpcf7-form-control-wrap your-subject\"><input type=\"text\" name=\"your-subject\" value=\"\" size=\"40\" class=\"wpcf7-form-control wpcf7-text\" aria-invalid=\"false\" \/><\/span> <\/p>\n<p>Votre message <br \/>\n    <span class=\"wpcf7-form-control-wrap your-message\"><textarea name=\"your-message\" cols=\"40\" rows=\"10\" class=\"wpcf7-form-control wpcf7-textarea\" aria-invalid=\"false\"><\/textarea><\/span> <\/p>\n<p><input type=\"submit\" value=\"Envoyer\" class=\"wpcf7-form-control wpcf7-submit\" \/><\/p>\n<div class=\"wpcf7-response-output wpcf7-display-none\"><\/div><\/form><\/div>[\/vc_column_inner][vc_column_inner width=&#8221;1\/3&#8243;][vc_column_text]<span style=\"color: #e8c850;\"><strong>Clesse France<\/strong><\/span><br \/>\nService Clients et Hotline Technique<\/p>\n<p>T\u00e9l : +33 (0) 4 63 66 30 01<br \/>\nFax : + 33 (0) 4 63 66 30 02<br \/>\nEmail : <a href=\"mailto:commercial@clesse.eu\">commercial@clesse.eu<\/a><\/p>\n<p>Clesse Industries, Z.I. Le Bois Joli,<br \/>\nCS 80118, 63808 Cournon d&#8217;Auvergne &#8211; France-[\/vc_column_text][\/vc_column_inner][\/vc_row_inner][\/vc_column][\/vc_row][vc_row][vc_column]<div class=\"templatera_shortcode\"><div class=\"vc_row wpb_row vc_row-fluid\"><div class=\"wpb_column vc_column_container vc_col-sm-12\"><div class=\"vc_column-inner\"><div class=\"wpb_wrapper\">\n\t<div class=\"wpb_text_column wpb_content_element \" >\n\t\t<div class=\"wpb_wrapper\">\n\t\t\t<h2 style=\"text-align: center;\"><span style=\"font-size: 14px;\"><a href=\"http:\/\/www.clessefrance.fr\/compacti\/whats-inside-that-counts\/\">Ce qui compte est \u00e0 l'int\u00e9rieur<\/a> \u00a0 | \u00a0 <a href=\"http:\/\/www.clessefrance.fr\/compacti\/operating-principle\/\">Principe de fonctionnement<\/a> \u00a0 | \u00a0 <a href=\"http:\/\/www.clessefrance.fr\/compacti\/products-service-packages\/\">Produits<\/a> \u00a0 | \u00a0 <a href=\"http:\/\/www.clessefrance.fr\/compacti\/service-package-comparisons\/\">Comparaison des offres<\/a> \u00a0 | \u00a0 <a href=\"http:\/\/www.clessefrance.fr\/compacti\/instructions\/\">Notice<\/a><\/span><br \/>\n<span style=\"font-size: 14px;\"><a href=\"http:\/\/www.clessefrance.fr\/compacti\/downloads\/\">T\u00e9l\u00e9chargements<\/a> \u00a0 | \u00a0 <a href=\"http:\/\/www.clessefrance.fr\/compacti\/frequently-asked-questions\/\">FAQ'S<\/a> \u00a0 | \u00a0 <a href=\"http:\/\/www.clessefrance.fr\/compacti\/how-to-videos\/\">\"How to\" videos\u00a0 <\/a>\u00a0| \u00a0 <a href=\"http:\/\/www.clessefrance.fr\/compacti\/gdpr\/\">GDRP<\/a> \u00a0 | \u00a0 <a href=\"http:\/\/www.clessefrance.fr\/contact-home\/\">Contact\u00a0 <\/a>\u00a0| \u00a0 <a href=\"http:\/\/www.clessefrance.fr\/compacti\/warranty\/\">Garantie<\/a><\/span><\/h2>\n\n\t\t<\/div>\n\t<\/div>\n<\/div><\/div><\/div><\/div><\/div>[\/vc_column][\/vc_row]\n","protected":false},"excerpt":{"rendered":"Merci de remplir ce formulaire ou de nous contacter directement : NOM (obligatoire) Email (obligatoire) Num\u00e9ro de t\u00e9l\u00e9phone (obligatoire) Sujet Votre message Clesse France Service Clients et Hotline Technique T\u00e9l : +33 (0) 4 63 66 30 01 Fax :&hellip;","protected":false},"author":1,"featured_media":0,"parent":0,"menu_order":0,"comment_status":"closed","ping_status":"closed","template":"","meta":{"footnotes":""},"class_list":["post-1158","page","type-page","status-publish","hentry","entry","no-media"],"_links":{"self":[{"href":"https:\/\/www.clessefrance.fr\/compacti\/wp-json\/wp\/v2\/pages\/1158","targetHints":{"allow":["GET"]}}],"collection":[{"href":"https:\/\/www.clessefrance.fr\/compacti\/wp-json\/wp\/v2\/pages"}],"about":[{"href":"https:\/\/www.clessefrance.fr\/compacti\/wp-json\/wp\/v2\/types\/page"}],"author":[{"embeddable":true,"href":"https:\/\/www.clessefrance.fr\/compacti\/wp-json\/wp\/v2\/users\/1"}],"replies":[{"embeddable":true,"href":"https:\/\/www.clessefrance.fr\/compacti\/wp-json\/wp\/v2\/comments?post=1158"}],"version-history":[{"count":5,"href":"https:\/\/www.clessefrance.fr\/compacti\/wp-json\/wp\/v2\/pages\/1158\/revisions"}],"predecessor-version":[{"id":1324,"href":"https:\/\/www.clessefrance.fr\/compacti\/wp-json\/wp\/v2\/pages\/1158\/revisions\/1324"}],"wp:attachment":[{"href":"https:\/\/www.clessefrance.fr\/compacti\/wp-json\/wp\/v2\/media?parent=1158"}],"curies":[{"name":"wp","href":"https:\/\/api.w.org\/{rel}","templated":true}]}}