{"id":331,"date":"2020-09-04T10:17:45","date_gmt":"2020-09-04T09:17:45","guid":{"rendered":"http:\/\/www.clessefrance.fr\/compacti\/?page_id=331"},"modified":"2021-01-25T14:16:53","modified_gmt":"2021-01-25T14:16:53","slug":"products-service-packages","status":"publish","type":"page","link":"https:\/\/www.clessefrance.fr\/compacti\/products-service-packages\/","title":{"rendered":"Products &#038; Service Packages"},"content":{"rendered":"[vc_row wpex_zindex=&#8221;-1&#8243;][vc_column]<div class=\"templatera_shortcode\"><div id=\"bottlesTOP\" data-vc-full-width=\"true\" data-vc-full-width-init=\"false\" data-vc-stretch-content=\"true\" class=\"vc_row wpb_row vc_row-fluid bottlesTOP vc_custom_1601027406851 vc_row-no-padding wpex-vc_row-has-fill wpex-vc-row-stretched wpex-vc-has-custom-column-spacing wpex-vc-column-spacing-0px\" style=\"z-index:-1!important;min-height:236px;background-position:center bottom !important;\"><div class=\"wpb_column vc_column_container vc_col-sm-12 vc_hidden-sm vc_hidden-xs\"><div class=\"vc_column-inner\"><div class=\"wpb_wrapper\"><\/div><\/div><\/div><\/div><div class=\"vc_row-full-width vc_clearfix\"><\/div><\/div>[\/vc_column][\/vc_row][vc_row css_animation=&#8221;none&#8221;][vc_column css=&#8221;.vc_custom_1580296665581{margin-right: 21px !important;}&#8221;]<h1 class=\"vcex-module vcex-heading vcex-heading-plain\"><span class=\"vcex-heading-inner clr\">Consultez les produits disponibles, et remplissez le formulaire ci-dessous pour nous faire part de votre int\u00e9r\u00eat.<\/span><\/h1>[vc_column_text css=&#8221;.vc_custom_1605866959232{margin-right: 21px !important;}&#8221;]Un membre de l&#8217;\u00e9quipe vous contactera pour r\u00e9pondre \u00e0 votre demande.[\/vc_column_text][\/vc_column][\/vc_row][vc_row css_animation=&#8221;none&#8221;][vc_column css=&#8221;.vc_custom_1580296665581{margin-right: 21px !important;}&#8221;]<h2 class=\"vcex-module vcex-heading vcex-heading-plain vc_custom_1605866991346\"><span class=\"vcex-heading-inner clr\">Mat\u00e9riel :<\/span><\/h2>[vc_separator color=&#8221;custom&#8221; align=&#8221;align_left&#8221; border_width=&#8221;5&#8243; accent_color=&#8221;#e5aa20&#8243;][\/vc_column][\/vc_row][vc_row el_id=&#8221;1&#8243;][vc_column][vc_single_image image=&#8221;1375&#8243; onclick=&#8221;custom_link&#8221; link=&#8221;http:\/\/www.clessefrance.fr\/compact-800-2-cylinder-automatic-changeover\/&#8221;][\/vc_column][\/vc_row][vc_row el_id=&#8221;2&#8243;][vc_column width=&#8221;2\/3&#8243;]<h2 class=\"vcex-module vcex-heading vcex-heading-plain vc_custom_1606993995424\"><span class=\"vcex-heading-inner clr\">Dispositifs de T\u00e9l\u00e9m\u00e9trie :<\/span><\/h2>[vc_separator color=&#8221;custom&#8221; align=&#8221;align_left&#8221; border_width=&#8221;5&#8243; accent_color=&#8221;#e5aa20&#8243;][\/vc_column][vc_column width=&#8221;1\/3&#8243;]<h2 class=\"vcex-module vcex-heading vcex-heading-plain vc_custom_1605867348578\"><span class=\"vcex-heading-inner clr\">Options :<\/span><\/h2>[vc_separator color=&#8221;custom&#8221; align=&#8221;align_left&#8221; border_width=&#8221;5&#8243; accent_color=&#8221;#e5aa20&#8243;][\/vc_column][\/vc_row][vc_row][vc_column width=&#8221;2\/3&#8243;][vc_column_text css=&#8221;.vc_custom_1606994044831{margin-right: 21px !important;}&#8221;]<span style=\"font-size: 18px;\"><strong>Solution BLE<br \/>\n<\/strong><\/span><span style=\"font-size: 18px;\"><span style=\"color: #fbd86c;\"><strong>Id\u00e9al pour les fonctions de l&#8217;application gratuite Standard et les utilisateurs de Standard plus<\/strong><\/span><br \/>\n<\/span>R\u00e9f\u00e9rence produit : AC0B5-4100-0XXX<\/p>\n<p><strong><span style=\"font-size: 18px;\">Solution GSM<\/span><\/strong><br \/>\n<span style=\"color: #fbd86c;\"><strong><span style=\"font-size: 18px;\">Id\u00e9al pour les utilisateurs Premium dans des endroits \u00e9loign\u00e9s<\/span><\/strong><\/span><br \/>\nR\u00e9f\u00e9rence produit : OC505-2101-1XXX<\/p>\n<p><strong><span style=\"font-size: 18px;\">RF et SIGFOX<\/span><\/strong><br \/>\n<strong><span style=\"color: #fbd86c; font-size: 18px;\">Id\u00e9al pour les utilisateurs Premium qui g\u00e8rent les r\u00e9sidences de vacances et les campings <\/span><\/strong><br \/>\nR\u00e9f\u00e9rence produit : AC0F5-4010-21xx[\/vc_column_text][vc_single_image image=&#8221;833&#8243; css=&#8221;.vc_custom_1601977577210{margin-top: 22px !important;}&#8221;][\/vc_column][vc_column width=&#8221;1\/3&#8243;][vc_single_image image=&#8221;832&#8243; css=&#8221;.vc_custom_1601977584110{margin-bottom: 22px !important;}&#8221;][vc_column_text css=&#8221;.vc_custom_1605867559746{margin-right: 21px !important;}&#8221;]<span style=\"font-size: 18px;\"><strong>Plaque arri\u00e8re isolante en caoutchouc pour les surfaces m\u00e9talliques ou non planes<\/strong><\/span><br \/>\n<span style=\"font-size: 18px; color: #fbd86c;\"><strong>Obligatoire pour monter le dispositif CompacTi sur les surfaces m\u00e9talliques. <\/strong><\/span><br \/>\nR\u00e9f\u00e9rence produit : 5175T99[\/vc_column_text][\/vc_column][\/vc_row][vc_row css=&#8221;.vc_custom_1601976443302{margin-top: 0px !important;margin-bottom: 0px !important;}&#8221;][vc_column]<div class=\"textcenter theme-button-expanded-wrap theme-button-wrap clr\"><a href=\"https:\/\/www.clessefrance.fr\/compacti\/features-benefits\/\" class=\"vcex-button theme-button align-center expanded animate-on-hover expanded\" style=\"color:#000000;font-size:16px;\"><span class=\"theme-button-inner\">Voir la section Caract\u00e9ristiques et B\u00e9n\u00e9fices pour plus d&#8217;information pour trouver la solution la plus adapt\u00e9e \u00e0 votre besoin<\/span><\/a><\/div> [\/vc_column][\/vc_row][vc_row css_animation=&#8221;none&#8221;][vc_column css=&#8221;.vc_custom_1580296665581{margin-right: 21px !important;}&#8221;]<h2 class=\"vcex-module vcex-heading vcex-heading-plain vc_custom_1605867660618\"><span class=\"vcex-heading-inner clr\">Remplissez votre formulaire de demande<\/span><\/h2>[vc_separator color=&#8221;custom&#8221; align=&#8221;align_left&#8221; border_width=&#8221;5&#8243; accent_color=&#8221;#e5aa20&#8243;][\/vc_column][\/vc_row][vc_row css_animation=&#8221;none&#8221;][vc_column css=&#8221;.vc_custom_1580296665581{margin-right: 21px !important;}&#8221;]<div role=\"form\" class=\"wpcf7\" id=\"wpcf7-f349-o1\" lang=\"en-GB\" dir=\"ltr\">\n<div class=\"screen-reader-response\"><\/div>\n<form action=\"\/compacti\/wp-json\/wp\/v2\/pages\/331#wpcf7-f349-o1\" method=\"post\" class=\"wpcf7-form\" novalidate=\"novalidate\">\n<div style=\"display: none;\">\n<input type=\"hidden\" name=\"_wpcf7\" value=\"349\" \/>\n<input type=\"hidden\" name=\"_wpcf7_version\" value=\"5.1.6\" \/>\n<input type=\"hidden\" name=\"_wpcf7_locale\" value=\"en_GB\" \/>\n<input type=\"hidden\" name=\"_wpcf7_unit_tag\" value=\"wpcf7-f349-o1\" \/>\n<input type=\"hidden\" name=\"_wpcf7_container_post\" value=\"0\" \/>\n<\/div>\n<div class=\"clearfix\">\n<div id=\"left\">\nType de client :<br \/>\n<span class=\"wpcf7-form-control-wrap menu-56\"><select name=\"menu-56\" class=\"wpcf7-form-control wpcf7-select wpcf7-validates-as-required myinput\" aria-required=\"true\" aria-invalid=\"false\"><option value=\"\">---<\/option><option value=\"Propri\u00e9taire de maison\">Propri\u00e9taire de maison<\/option><option value=\"Propri\u00e9taire de camping\">Propri\u00e9taire de camping<\/option><option value=\"Distributeur\">Distributeur<\/option><option value=\"Fournisseur de gaz\">Fournisseur de gaz<\/option><option value=\"Autre\">Autre<\/option><\/select><\/span><\/p>\n<p>Je suis int\u00e9ress\u00e9 par :<br \/>\n<span class=\"wpcf7-form-control-wrap menu-57\"><select name=\"menu-57\" class=\"wpcf7-form-control wpcf7-select wpcf7-validates-as-required myinput\" aria-required=\"true\" aria-invalid=\"false\"><option value=\"\">---<\/option><option value=\"Envoyer une commande de gaz pour moi\">Envoyer une commande de gaz pour moi<\/option><option value=\"Recevoir des demandes de commandes de gaz pour mon business\">Recevoir des demandes de commandes de gaz pour mon business<\/option><option value=\"Utiliser gratuitement la scan du site\">Utiliser gratuitement la scan du site<\/option><option value=\"R\u00e9colter des donn\u00e9es et les recevoir par email\">R\u00e9colter des donn\u00e9es et les recevoir par email<\/option><option value=\"Contr\u00f4ler \u00e0 distance mes appareils\">Contr\u00f4ler \u00e0 distance mes appareils<\/option><option value=\"Contr\u00f4ler \u00e0 distance les appareils de mon business\">Contr\u00f4ler \u00e0 distance les appareils de mon business<\/option><option value=\"Autre\">Autre<\/option><\/select><\/span><\/p>\n<p>Avez-vous d\u00e9j\u00e0 un inverseur automatique TR? :<br \/>\n<span class=\"wpcf7-form-control-wrap menu-58\"><select name=\"menu-58\" class=\"wpcf7-form-control wpcf7-select wpcf7-validates-as-required myinput\" aria-required=\"true\" aria-invalid=\"false\"><option value=\"\">---<\/option><option value=\"OUI\">OUI<\/option><option value=\"NON\">NON<\/option><option value=\"Ne sait pas\">Ne sait pas<\/option><\/select><\/span><\/p>\n<p><span class=\"wpcf7-form-control-wrap textarea-17\"><textarea name=\"textarea-17\" cols=\"40\" rows=\"10\" class=\"wpcf7-form-control wpcf7-textarea myinput\" aria-invalid=\"false\" placeholder=\"Quantit\u00e9s souhait\u00e9es\"><\/textarea><\/span><\/p><\/div>\n<div id=\"right\">\nVos coordonn\u00e9es :<br \/>\n<span class=\"wpcf7-form-control-wrap text-621\"><input type=\"text\" name=\"text-621\" value=\"\" size=\"40\" class=\"wpcf7-form-control wpcf7-text wpcf7-validates-as-required myinput\" aria-required=\"true\" aria-invalid=\"false\" placeholder=\"Nom\" \/><\/span><\/p>\n<p><span class=\"wpcf7-form-control-wrap text-622\"><input type=\"text\" name=\"text-622\" value=\"\" size=\"40\" class=\"wpcf7-form-control wpcf7-text wpcf7-validates-as-required myinput\" aria-required=\"true\" aria-invalid=\"false\" placeholder=\"Nom de l&#039;entreprise\" \/><\/span><\/p>\n<p><span class=\"wpcf7-form-control-wrap email-826\"><input type=\"email\" name=\"email-826\" value=\"\" size=\"40\" class=\"wpcf7-form-control wpcf7-text wpcf7-email wpcf7-validates-as-required wpcf7-validates-as-email myinput\" aria-required=\"true\" aria-invalid=\"false\" placeholder=\"Email\" \/><\/span><\/p>\n<p><span class=\"wpcf7-form-control-wrap tel-790\"><input type=\"tel\" name=\"tel-790\" value=\"\" size=\"40\" class=\"wpcf7-form-control wpcf7-text wpcf7-tel wpcf7-validates-as-required wpcf7-validates-as-tel myinput\" aria-required=\"true\" aria-invalid=\"false\" placeholder=\"Num\u00e9ro de t\u00e9l\u00e9phone\" \/><\/span><\/p>\n<p><span class=\"wpcf7-form-control-wrap textarea-252\"><textarea name=\"textarea-252\" cols=\"40\" rows=\"10\" class=\"wpcf7-form-control wpcf7-textarea myinput\" aria-invalid=\"false\" placeholder=\"Informations compl\u00e9mentaires pour appuyer votre demande\"><\/textarea><\/span><\/p><\/div>\n<\/div>\n<p><input type=\"submit\" value=\"Envoyer\" class=\"wpcf7-form-control wpcf7-submit mysend\" \/><\/p>\n<div class=\"wpcf7-response-output wpcf7-display-none\"><\/div><\/form><\/div>[\/vc_column][\/vc_row][vc_row full_width=&#8221;stretch_row_content_no_spaces&#8221; column_spacing=&#8221;0px&#8221; css=&#8221;.vc_custom_1580300577095{margin-bottom: 0px !important;padding-top: 0px !important;background-image: url(http:\/\/www.clessefrance.fr\/compacti\/\/wp-content\/uploads\/2020\/01\/bottles3.png?id=96) !important;background-position: 0 0 !important;background-repeat: no-repeat !important;}&#8221; min_height=&#8221;236px&#8221; wpex_bg_position=&#8221;center center&#8221;][vc_column][\/vc_column][\/vc_row][vc_row][vc_column]<div class=\"templatera_shortcode\"><div class=\"vc_row wpb_row vc_row-fluid\"><div class=\"wpb_column vc_column_container vc_col-sm-12\"><div class=\"vc_column-inner\"><div class=\"wpb_wrapper\">\n\t<div class=\"wpb_text_column wpb_content_element \" >\n\t\t<div class=\"wpb_wrapper\">\n\t\t\t<h2 style=\"text-align: center;\"><span style=\"font-size: 14px;\"><a href=\"http:\/\/www.clessefrance.fr\/compacti\/whats-inside-that-counts\/\">Ce qui compte est \u00e0 l'int\u00e9rieur<\/a> \u00a0 | \u00a0 <a href=\"http:\/\/www.clessefrance.fr\/compacti\/operating-principle\/\">Principe de fonctionnement<\/a> \u00a0 | \u00a0 <a href=\"http:\/\/www.clessefrance.fr\/compacti\/products-service-packages\/\">Produits<\/a> \u00a0 | \u00a0 <a href=\"http:\/\/www.clessefrance.fr\/compacti\/service-package-comparisons\/\">Comparaison des offres<\/a> \u00a0 | \u00a0 <a href=\"http:\/\/www.clessefrance.fr\/compacti\/instructions\/\">Notice<\/a><\/span><br \/>\n<span style=\"font-size: 14px;\"><a href=\"http:\/\/www.clessefrance.fr\/compacti\/downloads\/\">T\u00e9l\u00e9chargements<\/a> \u00a0 | \u00a0 <a href=\"http:\/\/www.clessefrance.fr\/compacti\/frequently-asked-questions\/\">FAQ'S<\/a> \u00a0 | \u00a0 <a href=\"http:\/\/www.clessefrance.fr\/compacti\/how-to-videos\/\">\"How to\" videos\u00a0 <\/a>\u00a0| \u00a0 <a href=\"http:\/\/www.clessefrance.fr\/compacti\/gdpr\/\">GDRP<\/a> \u00a0 | \u00a0 <a href=\"http:\/\/www.clessefrance.fr\/contact-home\/\">Contact\u00a0 <\/a>\u00a0| \u00a0 <a href=\"http:\/\/www.clessefrance.fr\/compacti\/warranty\/\">Garantie<\/a><\/span><\/h2>\n\n\t\t<\/div>\n\t<\/div>\n<\/div><\/div><\/div><\/div><\/div>[\/vc_column][\/vc_row]\n","protected":false},"excerpt":{"rendered":"Consultez les produits disponibles, et remplissez le formulaire ci-dessous pour nous faire part de votre int\u00e9r\u00eat. Un membre de l'\u00e9quipe vous contactera pour r\u00e9pondre \u00e0 votre demande. Mat\u00e9riel : Dispositifs de T\u00e9l\u00e9m\u00e9trie : Options : Solution BLE Id\u00e9al pour les&hellip;","protected":false},"author":1,"featured_media":0,"parent":0,"menu_order":0,"comment_status":"closed","ping_status":"closed","template":"","meta":{"footnotes":""},"class_list":["post-331","page","type-page","status-publish","hentry","entry","no-media"],"_links":{"self":[{"href":"https:\/\/www.clessefrance.fr\/compacti\/wp-json\/wp\/v2\/pages\/331","targetHints":{"allow":["GET"]}}],"collection":[{"href":"https:\/\/www.clessefrance.fr\/compacti\/wp-json\/wp\/v2\/pages"}],"about":[{"href":"https:\/\/www.clessefrance.fr\/compacti\/wp-json\/wp\/v2\/types\/page"}],"author":[{"embeddable":true,"href":"https:\/\/www.clessefrance.fr\/compacti\/wp-json\/wp\/v2\/users\/1"}],"replies":[{"embeddable":true,"href":"https:\/\/www.clessefrance.fr\/compacti\/wp-json\/wp\/v2\/comments?post=331"}],"version-history":[{"count":33,"href":"https:\/\/www.clessefrance.fr\/compacti\/wp-json\/wp\/v2\/pages\/331\/revisions"}],"predecessor-version":[{"id":1376,"href":"https:\/\/www.clessefrance.fr\/compacti\/wp-json\/wp\/v2\/pages\/331\/revisions\/1376"}],"wp:attachment":[{"href":"https:\/\/www.clessefrance.fr\/compacti\/wp-json\/wp\/v2\/media?parent=331"}],"curies":[{"name":"wp","href":"https:\/\/api.w.org\/{rel}","templated":true}]}}