{"id":434,"date":"2020-09-14T10:25:44","date_gmt":"2020-09-14T09:25:44","guid":{"rendered":"http:\/\/www.clessefrance.fr\/compacti\/?page_id=434"},"modified":"2021-01-25T11:20:06","modified_gmt":"2021-01-25T11:20:06","slug":"how-to-use-the-app","status":"publish","type":"page","link":"https:\/\/www.clessefrance.fr\/compacti\/how-to-use-the-app\/","title":{"rendered":"How to use the App"},"content":{"rendered":"[vc_row wpex_zindex=&#8221;-1&#8243;][vc_column]<div class=\"templatera_shortcode\"><div id=\"bottlesTOP\" data-vc-full-width=\"true\" data-vc-full-width-init=\"false\" data-vc-stretch-content=\"true\" class=\"vc_row wpb_row vc_row-fluid bottlesTOP vc_custom_1601027406851 vc_row-no-padding wpex-vc_row-has-fill wpex-vc-row-stretched wpex-vc-has-custom-column-spacing wpex-vc-column-spacing-0px\" style=\"z-index:-1!important;min-height:236px;background-position:center bottom !important;\"><div class=\"wpb_column vc_column_container vc_col-sm-12 vc_hidden-sm vc_hidden-xs\"><div class=\"vc_column-inner\"><div class=\"wpb_wrapper\"><\/div><\/div><\/div><\/div><div class=\"vc_row-full-width vc_clearfix\"><\/div><\/div>[\/vc_column][\/vc_row][vc_row][vc_column][vc_custom_heading text=&#8221;Comment utiliser l&#8217;application?&#8221; font_container=&#8221;tag:h1|text_align:center&#8221; use_theme_fonts=&#8221;yes&#8221;][vc_column_text text_align=&#8221;center&#8221; color=&#8221;#ffffff&#8221;]\n<h3>Des fonctions \u00e0 port\u00e9e de main. Balise Bluetooth (BLE), Recherche et r\u00e9colte des donn\u00e9es des appareils \u00e0 port\u00e9e.<\/h3>\n[\/vc_column_text][vc_column_text]\n<p style=\"text-align: center;\">Cliquez sur le texte pour voir la vid\u00e9o<\/p>\n[\/vc_column_text][\/vc_column][\/vc_row][vc_row][vc_column][vc_single_image image=&#8221;1289&#8243; alignment=&#8221;center&#8221; onclick=&#8221;custom_link&#8221; link=&#8221;https:\/\/www.clessefrance.fr\/compacti\/how-to-videos\/&#8221;][\/vc_column][\/vc_row][vc_row css_animation=&#8221;none&#8221; disable_element=&#8221;yes&#8221; css=&#8221;.vc_custom_1611573521551{margin-top: 45px !important;}&#8221;][vc_column][vc_column_text]\n<p style=\"text-align: center;\">\n\t<div class=\"imgmap-frontend-image\">\n\t<div class=\"imgmap-dialog-wrapper\" id=\"imgmap-dialog-872-1\"><\/div>\n\t<img decoding=\"async\" src=\"https:\/\/www.clessefrance.fr\/compacti\/wp-content\/uploads\/2020\/12\/use-fr-1.png\" usemap=\"#imgmap-872-1\" id=\"imagemap-872-1\" \/>\n\t<map name=\"imgmap-872-1\"><area data-type=\"link\" data-tooltip=\"\" data-fill-color=\"fefefe\" data-fill-opacity=\"0\" data-stroke-color=\"fefefe\" data-stroke-opacity=\"0\" data-stroke-width=\"0\" data-mapkey=\"area-881\" shape=\"poly\" coords=\"847,38,1040,42,1044,312,845,313\" href=\"https:\/\/www.clessefrance.fr\/compacti\/wp-content\/uploads\/2020\/11\/05-Comment-rafraichir-les-donne\u0301es-a\u0300-le\u0301cran-finale.mp4\" title=\"\" \/><area data-type=\"link\" data-tooltip=\"\" data-fill-color=\"fefefe\" data-fill-opacity=\"0\" data-stroke-color=\"fefefe\" data-stroke-opacity=\"0\" data-stroke-width=\"0\" data-mapkey=\"area-880\" shape=\"poly\" coords=\"15,48,665,70,672,252,435,277,427,597,42,584\" href=\"https:\/\/www.clessefrance.fr\/compacti\/wp-content\/uploads\/2020\/11\/04-Installation-dun-nouvel-appareil-avec-lapplication-CompacTI-finale.mp4\" title=\"\" \/><area data-type=\"link\" data-tooltip=\"\" data-fill-color=\"fefefe\" data-fill-opacity=\"0\" data-stroke-color=\"fefefe\" data-stroke-opacity=\"0\" data-stroke-width=\"0\" data-mapkey=\"area-878\" shape=\"poly\" coords=\"1240,564,1517,565,1523,572,1509,863,1258,856\" href=\"https:\/\/www.clessefrance.fr\/compacti\/wp-content\/uploads\/2020\/11\/09-Comment-modifier-un-emplacement-ou-desinstaller-un-module-finale.mp4\" title=\"\" \/><area data-type=\"link\" data-tooltip=\"\" data-fill-color=\"fefefe\" data-fill-opacity=\"0\" data-stroke-color=\"fefefe\" data-stroke-opacity=\"0\" data-stroke-width=\"0\" data-mapkey=\"area-877\" shape=\"poly\" coords=\"927,712,1235,708,1247,881,931,897\" href=\"http:\/\/08%20comment%20telecharger%20les%20donne\u0301es%20et%20envoyer%20un%20email%20utilisateur%20standard%20plus%20finale\" title=\"\" \/><area data-type=\"link\" data-tooltip=\"\" data-fill-color=\"fefefe\" data-fill-opacity=\"0\" data-stroke-color=\"fefefe\" data-stroke-opacity=\"0\" data-stroke-width=\"0\" data-mapkey=\"area-875\" shape=\"poly\" coords=\"924,336,1089,334,1105,700,929,699\" href=\"https:\/\/www.clessefrance.fr\/compacti\/wp-content\/uploads\/2020\/11\/02-CompacTI-creation-d-un-nouveau-compte-finale.mp4\" title=\"\" \/><area data-type=\"link\" data-tooltip=\"\" data-fill-color=\"fefefe\" data-fill-opacity=\"0\" data-stroke-color=\"fefefe\" data-stroke-opacity=\"0\" data-stroke-width=\"0\" data-mapkey=\"area-874\" shape=\"poly\" coords=\"17,636,872,649,877,932,23,948\" href=\"https:\/\/www.clessefrance.fr\/compacti\/wp-content\/uploads\/2020\/10\/7-CompacTi-ACO-physical-checksvsCII.mp4\" title=\"\" \/><\/map>\n\t<\/div>\n[\/vc_column_text][\/vc_column][\/vc_row][vc_row full_width=&#8221;stretch_row_content_no_spaces&#8221; column_spacing=&#8221;0px&#8221; css=&#8221;.vc_custom_1580300577095{margin-bottom: 0px !important;padding-top: 0px !important;background-image: url(http:\/\/www.clessefrance.fr\/compacti\/\/wp-content\/uploads\/2020\/01\/bottles3.png?id=96) !important;background-position: 0 0 !important;background-repeat: no-repeat !important;}&#8221; min_height=&#8221;236px&#8221; wpex_bg_position=&#8221;center center&#8221;][vc_column][\/vc_column][\/vc_row][vc_row][vc_column]<div class=\"templatera_shortcode\"><div class=\"vc_row wpb_row vc_row-fluid\"><div class=\"wpb_column vc_column_container vc_col-sm-12\"><div class=\"vc_column-inner\"><div class=\"wpb_wrapper\">\n\t<div class=\"wpb_text_column wpb_content_element \" >\n\t\t<div class=\"wpb_wrapper\">\n\t\t\t<h2 style=\"text-align: center;\"><span style=\"font-size: 14px;\"><a href=\"http:\/\/www.clessefrance.fr\/compacti\/whats-inside-that-counts\/\">Ce qui compte est \u00e0 l'int\u00e9rieur<\/a> \u00a0 | \u00a0 <a href=\"http:\/\/www.clessefrance.fr\/compacti\/operating-principle\/\">Principe de fonctionnement<\/a> \u00a0 | \u00a0 <a href=\"http:\/\/www.clessefrance.fr\/compacti\/products-service-packages\/\">Produits<\/a> \u00a0 | \u00a0 <a href=\"http:\/\/www.clessefrance.fr\/compacti\/service-package-comparisons\/\">Comparaison des offres<\/a> \u00a0 | \u00a0 <a href=\"http:\/\/www.clessefrance.fr\/compacti\/instructions\/\">Notice<\/a><\/span><br \/>\n<span style=\"font-size: 14px;\"><a href=\"http:\/\/www.clessefrance.fr\/compacti\/downloads\/\">T\u00e9l\u00e9chargements<\/a> \u00a0 | \u00a0 <a href=\"http:\/\/www.clessefrance.fr\/compacti\/frequently-asked-questions\/\">FAQ'S<\/a> \u00a0 | \u00a0 <a href=\"http:\/\/www.clessefrance.fr\/compacti\/how-to-videos\/\">\"How to\" videos\u00a0 <\/a>\u00a0| \u00a0 <a href=\"http:\/\/www.clessefrance.fr\/compacti\/gdpr\/\">GDRP<\/a> \u00a0 | \u00a0 <a href=\"http:\/\/www.clessefrance.fr\/contact-home\/\">Contact\u00a0 <\/a>\u00a0| \u00a0 <a href=\"http:\/\/www.clessefrance.fr\/compacti\/warranty\/\">Garantie<\/a><\/span><\/h2>\n\n\t\t<\/div>\n\t<\/div>\n<\/div><\/div><\/div><\/div><\/div>[\/vc_column][\/vc_row]\n","protected":false},"excerpt":{"rendered":"Comment utiliser l'application? Des fonctions \u00e0 port\u00e9e de main. Balise Bluetooth (BLE), Recherche et r\u00e9colte des donn\u00e9es des appareils \u00e0 port\u00e9e. Cliquez sur le texte pour voir la vid\u00e9o Ce qui compte est \u00e0 l'int\u00e9rieur \u00a0 | \u00a0 Principe de&hellip;","protected":false},"author":1,"featured_media":0,"parent":0,"menu_order":0,"comment_status":"closed","ping_status":"closed","template":"","meta":{"footnotes":""},"class_list":["post-434","page","type-page","status-publish","hentry","entry","no-media"],"_links":{"self":[{"href":"https:\/\/www.clessefrance.fr\/compacti\/wp-json\/wp\/v2\/pages\/434","targetHints":{"allow":["GET"]}}],"collection":[{"href":"https:\/\/www.clessefrance.fr\/compacti\/wp-json\/wp\/v2\/pages"}],"about":[{"href":"https:\/\/www.clessefrance.fr\/compacti\/wp-json\/wp\/v2\/types\/page"}],"author":[{"embeddable":true,"href":"https:\/\/www.clessefrance.fr\/compacti\/wp-json\/wp\/v2\/users\/1"}],"replies":[{"embeddable":true,"href":"https:\/\/www.clessefrance.fr\/compacti\/wp-json\/wp\/v2\/comments?post=434"}],"version-history":[{"count":12,"href":"https:\/\/www.clessefrance.fr\/compacti\/wp-json\/wp\/v2\/pages\/434\/revisions"}],"predecessor-version":[{"id":1268,"href":"https:\/\/www.clessefrance.fr\/compacti\/wp-json\/wp\/v2\/pages\/434\/revisions\/1268"}],"wp:attachment":[{"href":"https:\/\/www.clessefrance.fr\/compacti\/wp-json\/wp\/v2\/media?parent=434"}],"curies":[{"name":"wp","href":"https:\/\/api.w.org\/{rel}","templated":true}]}}