{"id":71,"date":"2020-01-29T10:34:23","date_gmt":"2020-01-29T10:34:23","guid":{"rendered":"http:\/\/www.clessefrance.fr\/compacti\/\/?page_id=71"},"modified":"2020-12-03T11:11:46","modified_gmt":"2020-12-03T11:11:46","slug":"operating-principle","status":"publish","type":"page","link":"https:\/\/www.clessefrance.fr\/compacti\/operating-principle\/","title":{"rendered":"Operating Principle"},"content":{"rendered":"[vc_row wpex_zindex=&#8221;-1&#8243;][vc_column]<div class=\"templatera_shortcode\"><div id=\"bottlesTOP\" data-vc-full-width=\"true\" data-vc-full-width-init=\"false\" data-vc-stretch-content=\"true\" class=\"vc_row wpb_row vc_row-fluid bottlesTOP vc_custom_1601027406851 vc_row-no-padding wpex-vc_row-has-fill wpex-vc-row-stretched wpex-vc-has-custom-column-spacing wpex-vc-column-spacing-0px\" style=\"z-index:-1!important;min-height:236px;background-position:center bottom !important;\"><div class=\"wpb_column vc_column_container vc_col-sm-12 vc_hidden-sm vc_hidden-xs\"><div class=\"vc_column-inner\"><div class=\"wpb_wrapper\"><\/div><\/div><\/div><\/div><div class=\"vc_row-full-width vc_clearfix\"><\/div><\/div>[\/vc_column][\/vc_row][vc_row][vc_column][vc_custom_heading text=&#8221;Principe de fonctionnement&#8221; font_container=&#8221;tag:h1|text_align:center&#8221; use_theme_fonts=&#8221;yes&#8221;][\/vc_column][\/vc_row][vc_row][vc_column width=&#8221;1\/2&#8243;][vc_column_text]\n<div style=\"width: 514px;\" class=\"wp-video\"><!--[if lt IE 9]><script>document.createElement('video');<\/script><![endif]-->\n<video class=\"wp-video-shortcode\" id=\"video-71-1\" width=\"514\" height=\"600\" loop autoplay preload=\"metadata\" controls=\"controls\"><source type=\"video\/mp4\" src=\"https:\/\/www.clessefrance.fr\/compacti\/wp-content\/uploads\/2020\/12\/fr-new.mp4.mp4?_=1\" \/><a href=\"https:\/\/www.clessefrance.fr\/compacti\/wp-content\/uploads\/2020\/12\/fr-new.mp4.mp4\">https:\/\/www.clessefrance.fr\/compacti\/wp-content\/uploads\/2020\/12\/fr-new.mp4.mp4<\/a><\/video><\/div>\n[\/vc_column_text][\/vc_column][vc_column width=&#8221;1\/2&#8243;]<div class=\"vcex-icon-box-css-wrap vc_custom_1605547173298\"><div class=\"vcex-module vcex-icon-box clr vcex-icon-box-one\" style=\"padding-left:130px;\"><img decoding=\"async\" class=\"vcex-icon-box-image\" style=\"width:123px;\" src=\"https:\/\/www.clessefrance.fr\/compacti\/wp-content\/uploads\/2020\/09\/t1-x.jpg\" alt='' data-no-retina \/><div class=\"vcex-icon-box-content clr\"><p>L&#8217;indicateur de l&#8217;ACO pointe vers la(les) bouteillle(s) de droite.<br \/>\nL&#8217;application surveille l&#8217;alimentation en gaz de ce c\u00f4t\u00e9 jusqu&#8217;\u00e0 ce que l&#8217;\u00e9tat de l&#8217;indicateur change<\/p>\n<\/div><\/div><\/div><div class=\"vcex-icon-box-css-wrap vc_custom_1605547179518\"><div class=\"vcex-module vcex-icon-box clr vcex-icon-box-one\" style=\"padding-left:130px;\"><img decoding=\"async\" class=\"vcex-icon-box-image\" style=\"width:123px;\" src=\"https:\/\/www.clessefrance.fr\/compacti\/wp-content\/uploads\/2020\/09\/t2-x.jpg\" alt='' data-no-retina \/><div class=\"vcex-icon-box-content clr\"><p>L&#8217;indicateur de l&#8217;ACO pointe vers la(les) bouteillle(s) de droite. Le contenu de la ou des bouteilles est presque vide, et l&#8217;application utilise CII pour continuer \u00e0 surveiller l&#8217;approvisionnement en gaz jusqu&#8217;\u00e0 ce que tout le gaz disponible soit vraiment utilis\u00e9.<\/p>\n<\/div><\/div><\/div><div class=\"vcex-icon-box-css-wrap vc_custom_1605547185531\"><div class=\"vcex-module vcex-icon-box clr vcex-icon-box-one\" style=\"padding-left:130px;\"><img decoding=\"async\" class=\"vcex-icon-box-image\" style=\"width:123px;\" src=\"https:\/\/www.clessefrance.fr\/compacti\/wp-content\/uploads\/2020\/09\/t3-x.jpg\" alt='' data-no-retina \/><div class=\"vcex-icon-box-content clr\"><p>L&#8217;indicateur de l&#8217;ACO pointe vers la ou les bouteilles de droite, mais tout le gaz a \u00e9t\u00e9 utilis\u00e9. L&#8217;application alertera l&#8217;utilisateur pour qu&#8217;il remplace la ou les bouteilles. Utilisez l&#8217;option Commande de gaz dans l&#8217;application. Voir la page Commande de gaz pour plus d&#8217;informations<\/p>\n<\/div><\/div><\/div><div class=\"vcex-icon-box-css-wrap vc_custom_1605547191255\"><div class=\"vcex-module vcex-icon-box clr vcex-icon-box-one\" style=\"padding-left:130px;\"><img decoding=\"async\" class=\"vcex-icon-box-image\" style=\"width:123px;\" src=\"https:\/\/www.clessefrance.fr\/compacti\/wp-content\/uploads\/2020\/09\/t4-x.jpg\" alt='' data-no-retina \/><div class=\"vcex-icon-box-content clr\"><p>La proc\u00e9dure d&#8217;\u00e9change a \u00e9t\u00e9 correctement effectu\u00e9e avec l&#8217;indicateur de l&#8217;ACO point\u00e9 sur le(s) cylindre(s) de gauche, l&#8217;application CONFIRME que le remplacement a \u00e9t\u00e9 effectu\u00e9.<\/p>\n<\/div><\/div><\/div>[\/vc_column][\/vc_row][vc_row][vc_column][vc_row_inner content_placement=&#8221;middle&#8221;][vc_column_inner][vc_custom_heading text=&#8221;Principe de fonctionnement avec \u00e9tat des appareils utilisant CII pour optimiser le remplacement des bouteilles&#8221; font_container=&#8221;tag:h3|text_align:center|color:%23ffffff&#8221; use_theme_fonts=&#8221;yes&#8221;][\/vc_column_inner][\/vc_row_inner][vc_separator color=&#8221;custom&#8221; border_width=&#8221;3&#8243; accent_color=&#8221;#f4c322&#8243; css=&#8221;.vc_custom_1599162541034{margin-bottom: 43px !important;}&#8221;][vc_row_inner][vc_column_inner width=&#8221;1\/4&#8243;][vc_column_text]Un inverseur ACO normal sans CompacTi assure un flux continu de gaz m\u00eame lorsque plusieurs bouteilles se vident et peut \u00eatre visualis\u00e9 sur la manette de l&#8217;inverseur.<br \/>\nNous appelons cela un \u00e9tat physique.[\/vc_column_text]<div class=\"vc_custom_1605547258694 wpex-clr\"><div class=\"theme-button-block-wrap theme-button-wrap clr\"><a href=\"http:\/\/www.clessefrance.fr\/compacti\/wp-content\/uploads\/2020\/11\/11.-CompacTi-ACO-physical-checks-vs-CII.mp4.mp4\" class=\"vcex-button theme-button align-left block animate-on-hover\" style=\"color:#000000;\"><span class=\"theme-button-inner\">Voir contr\u00f4les physiques des bouteilles vs CII<\/span><\/a><\/div><\/div> [\/vc_column_inner][vc_column_inner width=&#8221;1\/4&#8243;][vc_column_text]<strong>\u00c9tat des \u00e9changes physiques<\/strong><br \/>\n&#8211; Lorsque l&#8217;ACO affiche un voyant rouge sur la manette il se peut que tout le gaz disponible dans la bouteille n&#8217;ait pas \u00e9t\u00e9 utilis\u00e9. En particulier par temps froid ou dans des situations de forte demande o\u00f9 une partie du GPL peut ne pas s&#8217;\u00eatre \u00e9vapor\u00e9e \u00e0 l&#8217;int\u00e9rieur de la bouteille.[\/vc_column_text][\/vc_column_inner][vc_column_inner width=&#8221;1\/4&#8243;][vc_column_text]<strong>L&#8217;application CompacTi<\/strong> et l&#8217;appareil retardent la notification en fonction des param\u00e8tres d\u00e9finis dans CII, ce qui permet d&#8217;utiliser une plus grande quantit\u00e9 de GPL r\u00e9siduel.<br \/>\nCeci est affich\u00e9 dans l&#8217;application par un indicateur rouge et un fond vert (2) dans le panneau de l&#8217;appareil. <strong>Nous appelons cela l&#8217;\u00e9tat logique<\/strong><\/p>\n<p><strong>\u00a0<\/strong>[\/vc_column_text][\/vc_column_inner][vc_column_inner width=&#8221;1\/4&#8243;][vc_column_text]Lorsque l&#8217;inverseur automatique et le dispositif CompacTi ont d\u00e9termin\u00e9 que tout le gaz disponible a \u00e9t\u00e9 utilis\u00e9, l&#8217;\u00e9tat logique affiche un indicateur rouge, sur fond rouge (3); la bouteille est pr\u00eate \u00e0 \u00eatre \u00e9chang\u00e9e[\/vc_column_text][\/vc_column_inner][\/vc_row_inner][\/vc_column][\/vc_row][vc_row full_width=&#8221;stretch_row_content_no_spaces&#8221; column_spacing=&#8221;0px&#8221; css=&#8221;.vc_custom_1580300577095{margin-bottom: 0px !important;padding-top: 0px !important;background-image: url(http:\/\/www.clessefrance.fr\/compacti\/\/wp-content\/uploads\/2020\/01\/bottles3.png?id=96) !important;background-position: 0 0 !important;background-repeat: no-repeat !important;}&#8221; min_height=&#8221;236px&#8221; wpex_bg_position=&#8221;center center&#8221;][vc_column][\/vc_column][\/vc_row][vc_row][vc_column]<div class=\"templatera_shortcode\"><div class=\"vc_row wpb_row vc_row-fluid\"><div class=\"wpb_column vc_column_container vc_col-sm-12\"><div class=\"vc_column-inner\"><div class=\"wpb_wrapper\">\n\t<div class=\"wpb_text_column wpb_content_element \" >\n\t\t<div class=\"wpb_wrapper\">\n\t\t\t<h2 style=\"text-align: center;\"><span style=\"font-size: 14px;\"><a href=\"http:\/\/www.clessefrance.fr\/compacti\/whats-inside-that-counts\/\">Ce qui compte est \u00e0 l'int\u00e9rieur<\/a> \u00a0 | \u00a0 <a href=\"http:\/\/www.clessefrance.fr\/compacti\/operating-principle\/\">Principe de fonctionnement<\/a> \u00a0 | \u00a0 <a href=\"http:\/\/www.clessefrance.fr\/compacti\/products-service-packages\/\">Produits<\/a> \u00a0 | \u00a0 <a href=\"http:\/\/www.clessefrance.fr\/compacti\/service-package-comparisons\/\">Comparaison des offres<\/a> \u00a0 | \u00a0 <a href=\"http:\/\/www.clessefrance.fr\/compacti\/instructions\/\">Notice<\/a><\/span><br \/>\n<span style=\"font-size: 14px;\"><a href=\"http:\/\/www.clessefrance.fr\/compacti\/downloads\/\">T\u00e9l\u00e9chargements<\/a> \u00a0 | \u00a0 <a href=\"http:\/\/www.clessefrance.fr\/compacti\/frequently-asked-questions\/\">FAQ'S<\/a> \u00a0 | \u00a0 <a href=\"http:\/\/www.clessefrance.fr\/compacti\/how-to-videos\/\">\"How to\" videos\u00a0 <\/a>\u00a0| \u00a0 <a href=\"http:\/\/www.clessefrance.fr\/compacti\/gdpr\/\">GDRP<\/a> \u00a0 | \u00a0 <a href=\"http:\/\/www.clessefrance.fr\/contact-home\/\">Contact\u00a0 <\/a>\u00a0| \u00a0 <a href=\"http:\/\/www.clessefrance.fr\/compacti\/warranty\/\">Garantie<\/a><\/span><\/h2>\n\n\t\t<\/div>\n\t<\/div>\n<\/div><\/div><\/div><\/div><\/div>[\/vc_column][\/vc_row]\n","protected":false},"excerpt":{"rendered":"Principe de fonctionnement https:\/\/www.clessefrance.fr\/compacti\/wp-content\/uploads\/2020\/12\/fr-new.mp4.mp4 L&#8217;indicateur de l&#8217;ACO pointe vers la(les) bouteillle(s) de droite. L&#8217;application surveille l&#8217;alimentation en gaz de ce c\u00f4t\u00e9 jusqu&#8217;\u00e0 ce que l&#8217;\u00e9tat de l&#8217;indicateur change L&#8217;indicateur de l&#8217;ACO pointe vers la(les) bouteillle(s) de droite. Le contenu de&hellip;","protected":false},"author":1,"featured_media":0,"parent":0,"menu_order":0,"comment_status":"closed","ping_status":"closed","template":"","meta":{"footnotes":""},"class_list":["post-71","page","type-page","status-publish","hentry","entry","no-media"],"_links":{"self":[{"href":"https:\/\/www.clessefrance.fr\/compacti\/wp-json\/wp\/v2\/pages\/71","targetHints":{"allow":["GET"]}}],"collection":[{"href":"https:\/\/www.clessefrance.fr\/compacti\/wp-json\/wp\/v2\/pages"}],"about":[{"href":"https:\/\/www.clessefrance.fr\/compacti\/wp-json\/wp\/v2\/types\/page"}],"author":[{"embeddable":true,"href":"https:\/\/www.clessefrance.fr\/compacti\/wp-json\/wp\/v2\/users\/1"}],"replies":[{"embeddable":true,"href":"https:\/\/www.clessefrance.fr\/compacti\/wp-json\/wp\/v2\/comments?post=71"}],"version-history":[{"count":42,"href":"https:\/\/www.clessefrance.fr\/compacti\/wp-json\/wp\/v2\/pages\/71\/revisions"}],"predecessor-version":[{"id":1345,"href":"https:\/\/www.clessefrance.fr\/compacti\/wp-json\/wp\/v2\/pages\/71\/revisions\/1345"}],"wp:attachment":[{"href":"https:\/\/www.clessefrance.fr\/compacti\/wp-json\/wp\/v2\/media?parent=71"}],"curies":[{"name":"wp","href":"https:\/\/api.w.org\/{rel}","templated":true}]}}