{"id":790,"date":"2020-10-05T14:56:21","date_gmt":"2020-10-05T13:56:21","guid":{"rendered":"http:\/\/www.clessefrance.fr\/compacti\/?page_id=790"},"modified":"2020-12-03T11:21:41","modified_gmt":"2020-12-03T11:21:41","slug":"frequently-asked-questions","status":"publish","type":"page","link":"https:\/\/www.clessefrance.fr\/compacti\/frequently-asked-questions\/","title":{"rendered":"Frequently Asked Questions"},"content":{"rendered":"[vc_row full_width=&#8221;stretch_row_content_no_spaces&#8221; column_spacing=&#8221;0px&#8221; css=&#8221;.vc_custom_1601027406851{margin-top: -220px !important;margin-bottom: 0px !important;padding-top: 0px !important;background-image: url(http:\/\/www.clessefrance.fr\/compacti\/wp-content\/uploads\/2020\/09\/bottles3new2.png?id=640) !important;background-position: 0 0 !important;background-repeat: repeat-x !important;}&#8221; min_height=&#8221;236px&#8221; wpex_bg_position=&#8221;center bottom&#8221; wpex_zindex=&#8221;-1&#8243; el_id=&#8221;bottlesTOP&#8221; el_class=&#8221;bottlesTOP&#8221;][vc_column offset=&#8221;vc_hidden-sm vc_hidden-xs&#8221;][\/vc_column][\/vc_row][vc_row][vc_column][vc_custom_heading text=&#8221;Mat\u00e9riel&#8221; use_theme_fonts=&#8221;yes&#8221; css=&#8221;.vc_custom_1605784821464{margin-top: 32px !important;}&#8221;][vc_separator css=&#8221;.vc_custom_1601905943715{margin-top: 32px !important;margin-bottom: 32px !important;}&#8221;][vc_row_inner][vc_column_inner width=&#8221;1\/2&#8243;][vc_toggle title=&#8221;Quels inverseurs sont compatibles avec le dispositif CompacTi?&#8221;]<a href=\"http:\/\/www.clessefrance.fr\/compact-800-2-cylinder-automatic-changeover\/\">Les COMPACT TR5175 et 2175T.<\/a>[\/vc_toggle][vc_toggle title=&#8221;Comment je sais si j&#8217;ai un inverseur 5175 ou 2175T?&#8221;]Il y a un insert sur le dessus de inverseurs qui est amovible lors de l&#8217;installation du dispositif de t\u00e9l\u00e9m\u00e9trie. Voir l&#8217;illustration ci-contre[\/vc_toggle][vc_toggle title=&#8221;O\u00f9 puis-je acheter un inverseur 2175T et le dispositif CompacTi?&#8221;]Distributeurs agr\u00e9\u00e9s Clesse[\/vc_toggle][\/vc_column_inner][vc_column_inner width=&#8221;1\/2&#8243;][vc_column_text]<img loading=\"lazy\" decoding=\"async\" class=\"alignright wp-image-794\" src=\"http:\/\/www.clessefrance.fr\/compacti\/wp-content\/uploads\/2020\/10\/C800-TR-cut-away.png\" alt=\"\" width=\"455\" height=\"203\" \/>[\/vc_column_text][\/vc_column_inner][\/vc_row_inner][\/vc_column][\/vc_row][vc_row][vc_column][vc_custom_heading text=&#8221;Mat\u00e9riel et installation de CompacTi&#8221; use_theme_fonts=&#8221;yes&#8221;][vc_separator css=&#8221;.vc_custom_1601905943715{margin-top: 32px !important;margin-bottom: 32px !important;}&#8221;][vc_row_inner][vc_column_inner width=&#8221;1\/2&#8243;][vc_toggle title=&#8221;Faut-il que je sois un installateur de gaz qualifi\u00e9 pour installer le dispositif compacTi?&#8221;]Non, cependant, s&#8217;il est connect\u00e9 \u00e0 une tuyauterie rigide, il est conseill\u00e9 qu&#8217;un installateur de gaz qualifi\u00e9 d\u00e9connecte et reconnecte la tuyauterie avant et apr\u00e8s l&#8217;installation.[\/vc_toggle][vc_toggle title=&#8221;Si je fais une installation sur un syst\u00e8me existant, Dois-je couper le gaz ?&#8221;]Oui, veuillez retirer tout le gaz du syst\u00e8me et fermer les bouteilles (fermez vos bouteilles, allumez un appareil et laissez les flammes s&#8217;\u00e9teindre, puis \u00e9teignez l&#8217;appareil)[\/vc_toggle][vc_toggle title=&#8221;Vos notices disent qu&#8217;elles ne conviennent pas aux surfaces en m\u00e9tal ferreux, pourquoi ?&#8221;]Le m\u00e9canisme \u00e0 l&#8217;int\u00e9rieur du 2175T contient des capteurs magn\u00e9tiques qui peuvent \u00eatre affect\u00e9s par les surfaces de m\u00e9taux ferreux.<br \/>\nUtilisez un aimant pour v\u00e9rifier la surface, si elle colle \u00e0 la surface, c&#8217;est qu&#8217;il s&#8217;agit d&#8217;un m\u00e9tal ferreux.<\/p>\n<p>Une plaque arri\u00e8re isolante en caoutchouc est disponible aupr\u00e8s de votre distributeur pour arr\u00eater le champ magn\u00e9tique, elle permet \u00e9galement d&#8217;installer l&#8217;inverseur automatique sur des surfaces in\u00e9gales.[\/vc_toggle][\/vc_column_inner][vc_column_inner width=&#8221;1\/2&#8243;][vc_toggle title=&#8221;Je dois retirer l&#8217;inverseur automatique pour l&#8217;adapter au dispositif CompacTi, que dois-je faire ?&#8221;]Des raccords flexibles pour caravanes permettront de retirer et de remplacer facilement l&#8217;inverseur.<\/p>\n<p>En cas de raccordement \u00e0 une tuyauterie rigide, il est conseill\u00e9 de faire appel \u00e0 un installateur de gaz qualifi\u00e9 pour d\u00e9connecter et reconnecter la tuyauterie avant et apr\u00e8s l&#8217;installation.[\/vc_toggle][\/vc_column_inner][\/vc_row_inner][\/vc_column][\/vc_row][vc_row][vc_column][vc_custom_heading text=&#8221;Installation de l&#8217;application&#8221; use_theme_fonts=&#8221;yes&#8221;][vc_separator css=&#8221;.vc_custom_1601905943715{margin-top: 32px !important;margin-bottom: 32px !important;}&#8221;][vc_row_inner][vc_column_inner width=&#8221;1\/2&#8243;][vc_toggle title=&#8221;L&#8217;application ne fonctionne pas sur mon mobile ou ma tablette.&#8221;]Il faut v\u00e9rifier la compatibilit\u00e9 de votre smartphone ou tablette avec la version 5.1 android ou IOS 11.1 minimum.[\/vc_toggle][vc_toggle title=&#8221;L&#8217;\u00e9talonnage ne se termine pas. Que dois-je faire?&#8221;]Dans le cas peu probable o\u00f9 cela se produirait, veuillez cliquer sur le bouton noir \u00e0 plusieurs reprises jusqu&#8217;\u00e0 ce que vous soyez d\u00e9connect\u00e9 de l&#8217;application.<br \/>\nFermez l&#8217;application et red\u00e9marrez votre smartphone ou votre tablette. Si cela ne r\u00e9sout pas votre probl\u00e8me, veuillez contacter Clesse[\/vc_toggle][\/vc_column_inner][vc_column_inner width=&#8221;1\/2&#8243;][vc_toggle title=&#8221;Quel email dois-je entrer \u00e0 &#8220;l&#8217;\u00e9cran 11\/12&#8220;?&#8221;]Cet \u00e9cran est utilis\u00e9 pour confirmer l&#8217;installation. Vous pouvez envoyer les d\u00e9tails si l&#8217;installation est individuelle \u00e0 votre client, ou si elle est multisite, au service de maintenance.[\/vc_toggle][\/vc_column_inner][\/vc_row_inner][\/vc_column][\/vc_row][vc_row][vc_column][vc_custom_heading text=&#8221;Utiliser l&#8217;Application&#8221; use_theme_fonts=&#8221;yes&#8221;][vc_separator css=&#8221;.vc_custom_1601905943715{margin-top: 32px !important;margin-bottom: 32px !important;}&#8221;][vc_row_inner][vc_column_inner width=&#8221;1\/2&#8243;][vc_toggle title=&#8221;Comment puis-je changer mon mot de passe pour l&#8217;application comme demand\u00e9 apr\u00e8s la premi\u00e8re installation ?&#8221;]Connectez-vous \u00e0 l&#8217;application avec le nom d&#8217;utilisateur et le mot de passe qui ont \u00e9t\u00e9 cr\u00e9\u00e9s pour vous lors de l&#8217;installation, appuyez sur le bouton de fonction (en haut \u00e0 droite), modifiez les d\u00e9tails de l&#8217;utilisateur, changez le mot de passe de l&#8217;op\u00e9rateur et enregistrez.[\/vc_toggle][vc_toggle title=&#8221;Je suis un utilisateur individuel, comment je peux voir mon appareil?&#8221;]Connectez-vous \u00e0 l&#8217;application avec le nom d&#8217;utilisateur et le mot de passe qui ont \u00e9t\u00e9 cr\u00e9\u00e9s pour vous lors de l&#8217;installation, appuyez sur le bouton d&#8217;affichage, et l&#8217;\u00e9tat de votre appareil s&#8217;affiche.[\/vc_toggle][vc_toggle title=&#8221;J&#8217;ai un camping, comment puis-je scanner le site gratuitement ?&#8221;]<a href=\"http:\/\/www.clessefrance.fr\/compacti\/wp-content\/uploads\/2020\/11\/07.-CompacTi-How-to-Site-scan-filter-results.mp4\">Connectez-vous \u00e0 votre application, s\u00e9lectionnez Affichage,puis l&#8217;onglet de fonction (en haut \u00e0 droite), effacez les relev\u00e9s, puis faites le tour de votre site \u00e0 pied ou en voiture pour recueillir les d\u00e9tails de vos appareils.<\/a>[\/vc_toggle][vc_toggle title=&#8221;J&#8217;ai un parc de vacances, j&#8217;utilise le scan de site gratuit mais je veux recevoir un rapport sur mon bureau, que puis-je faire ?&#8221;]<a href=\"http:\/\/www.clessefrance.fr\/compacti\/wp-content\/uploads\/2020\/11\/08.-CompacTi-How-to-download-readings-send-to-mail-Standard-plus-user.mp4.mp4\">Optez pour l&#8217;option Standard Plus. Pour un prix forfaitaire, plusieurs utilisateurs utilisant un seul compte sur le parc peuvent scanner le site, puis les gestionnaires de bouteilles du parc peuvent t\u00e9l\u00e9charger les relev\u00e9s gr\u00e2ce \u00e0 l&#8217;onglet de fonction (en haut \u00e0 droite) et envoyer les d\u00e9tails par courrier \u00e9lectronique.Upgrade to Standard plus. For a flat fee, multiple users using 1 account on park can scan the site, then park cylinder managers can download the readings through the function tab (top right) and send the details to e-mail.<\/a>[\/vc_toggle][\/vc_column_inner][vc_column_inner width=&#8221;1\/2&#8243;][vc_toggle title=&#8221;J&#8217;ai un camping et je veux recevoir des commandes de gaz de la part des propri\u00e9taires?&#8221;]<a href=\"http:\/\/www.clessefrance.fr\/compacti\/order-gas-2\/\">Vendez \u00e0 vos propri\u00e9taires un appareil, et passez \u00e0 Standard Plus. Pour un prix forfaitaire, votre adresse \u00e9lectronique sera enregistr\u00e9e dans les appareils des propri\u00e9taires et ceux-ci pourront appuyer sur un bouton de l&#8217;application pour commander du gaz directement chez vous.<\/a>[\/vc_toggle][vc_toggle title=&#8221;J&#8217;ai un commerce de bouteilles de gaz, et je souhaite recevoir les commandes de gaz de la part de mes clients.&#8221;]<a href=\"http:\/\/www.clessefrance.fr\/compacti\/order-gas-2\/\">Vendez \u00e0 vos clients un appareil, et passez \u00e0 Standard Plus. Pour un prix forfaitaire, votre adresse \u00e9lectronique sera enregistr\u00e9e dans les appareils des clients et ceux-ci pourront appuyer sur un bouton de l&#8217;application pour commander du gaz directement chez vous.<\/a>[\/vc_toggle][vc_toggle title=&#8221;Je souhaite ajouter davantage d&#8217;appareils \u00e0 mon portefeuille actuel. Comment puis-je faire cela?&#8221;]<a href=\"http:\/\/www.clessefrance.fr\/compacti\/wp-content\/uploads\/2020\/11\/03.-CompacTi-How-to-add-new-devices-to-an-account.mp4.mp4\">Suivez les instructions en utilisant l&#8217;onglet de fonction dans la page &#8220;Comment utiliser l&#8217;application&#8221; sur le site web. L&#8217;installation suivra la m\u00eame proc\u00e9dure que pour les appareils pr\u00e9c\u00e9dents que vous avez install\u00e9.<\/a>[\/vc_toggle][vc_toggle title=&#8221;Je dois d\u00e9placer un appareil d&#8217;un endroit \u00e0 un autre, puis-je le faire ?&#8221;]<a href=\"http:\/\/www.clessefrance.fr\/compacti\/wp-content\/uploads\/2020\/11\/09.-CompacTi-How-to-Edit-location-or-remove-device.mp4\">Oui, connectez-vous \u00e0 l&#8217;application, allez \u00e0 l&#8217;\u00e9cran de visualisation, trouvez l&#8217;appareil que vous devez d\u00e9placer, cliquez sur la fl\u00e8che blanche&gt; et l&#8217;option est l\u00e0 pour retirer l&#8217;appareil. Ce dispositif peut maintenant \u00eatre install\u00e9 \u00e0 un autre endroit.<\/a>[\/vc_toggle][\/vc_column_inner][\/vc_row_inner][\/vc_column][\/vc_row][vc_row][vc_column][vc_custom_heading text=&#8221;Autres&#8221; use_theme_fonts=&#8221;yes&#8221;][vc_separator css=&#8221;.vc_custom_1601905943715{margin-top: 32px !important;margin-bottom: 32px !important;}&#8221;][vc_row_inner][vc_column_inner width=&#8221;1\/2&#8243;][vc_toggle title=&#8221;Quelle est la p\u00e9riode de garantie pour le dispositif CompacTi?&#8221;]2 ans de garantie depuis la premi\u00e8re installation, ou 3 ans depuis la date de fabrication.[\/vc_toggle][\/vc_column_inner][vc_column_inner width=&#8221;1\/2&#8243;][vc_toggle title=&#8221;Quelle est la dur\u00e9e de vi de la batterie?&#8221;]Dans des circonstances de fonctionnement normales, la batterie durera plus de 5 ans, les remplacements seront disponibles aupr\u00e8s de votre distributeur.[\/vc_toggle][\/vc_column_inner][\/vc_row_inner][\/vc_column][\/vc_row][vc_row full_width=&#8221;stretch_row_content_no_spaces&#8221; column_spacing=&#8221;0px&#8221; css=&#8221;.vc_custom_1580300577095{margin-bottom: 0px !important;padding-top: 0px !important;background-image: url(http:\/\/www.clessefrance.fr\/compacti\/\/wp-content\/uploads\/2020\/01\/bottles3.png?id=96) !important;background-position: 0 0 !important;background-repeat: no-repeat !important;}&#8221; min_height=&#8221;236px&#8221; wpex_bg_position=&#8221;center center&#8221;][vc_column][\/vc_column][\/vc_row][vc_row][vc_column]<div class=\"templatera_shortcode\"><div class=\"vc_row wpb_row vc_row-fluid\"><div class=\"wpb_column vc_column_container vc_col-sm-12\"><div class=\"vc_column-inner\"><div class=\"wpb_wrapper\">\n\t<div class=\"wpb_text_column wpb_content_element \" >\n\t\t<div class=\"wpb_wrapper\">\n\t\t\t<h2 style=\"text-align: center;\"><span style=\"font-size: 14px;\"><a href=\"http:\/\/www.clessefrance.fr\/compacti\/whats-inside-that-counts\/\">Ce qui compte est \u00e0 l'int\u00e9rieur<\/a> \u00a0 | \u00a0 <a href=\"http:\/\/www.clessefrance.fr\/compacti\/operating-principle\/\">Principe de fonctionnement<\/a> \u00a0 | \u00a0 <a href=\"http:\/\/www.clessefrance.fr\/compacti\/products-service-packages\/\">Produits<\/a> \u00a0 | \u00a0 <a href=\"http:\/\/www.clessefrance.fr\/compacti\/service-package-comparisons\/\">Comparaison des offres<\/a> \u00a0 | \u00a0 <a href=\"http:\/\/www.clessefrance.fr\/compacti\/instructions\/\">Notice<\/a><\/span><br \/>\n<span style=\"font-size: 14px;\"><a href=\"http:\/\/www.clessefrance.fr\/compacti\/downloads\/\">T\u00e9l\u00e9chargements<\/a> \u00a0 | \u00a0 <a href=\"http:\/\/www.clessefrance.fr\/compacti\/frequently-asked-questions\/\">FAQ'S<\/a> \u00a0 | \u00a0 <a href=\"http:\/\/www.clessefrance.fr\/compacti\/how-to-videos\/\">\"How to\" videos\u00a0 <\/a>\u00a0| \u00a0 <a href=\"http:\/\/www.clessefrance.fr\/compacti\/gdpr\/\">GDRP<\/a> \u00a0 | \u00a0 <a href=\"http:\/\/www.clessefrance.fr\/contact-home\/\">Contact\u00a0 <\/a>\u00a0| \u00a0 <a href=\"http:\/\/www.clessefrance.fr\/compacti\/warranty\/\">Garantie<\/a><\/span><\/h2>\n\n\t\t<\/div>\n\t<\/div>\n<\/div><\/div><\/div><\/div><\/div>[\/vc_column][\/vc_row]\n","protected":false},"excerpt":{"rendered":"Mat\u00e9riel Quels inverseurs sont compatibles avec le dispositif CompacTi?Les COMPACT TR5175 et 2175T. Comment je sais si j&#039;ai un inverseur 5175 ou 2175T?Il y a un insert sur le dessus de inverseurs qui est amovible lors de l&#8217;installation du dispositif&hellip;","protected":false},"author":1,"featured_media":0,"parent":0,"menu_order":0,"comment_status":"closed","ping_status":"closed","template":"","meta":{"footnotes":""},"class_list":["post-790","page","type-page","status-publish","hentry","entry","no-media"],"_links":{"self":[{"href":"https:\/\/www.clessefrance.fr\/compacti\/wp-json\/wp\/v2\/pages\/790","targetHints":{"allow":["GET"]}}],"collection":[{"href":"https:\/\/www.clessefrance.fr\/compacti\/wp-json\/wp\/v2\/pages"}],"about":[{"href":"https:\/\/www.clessefrance.fr\/compacti\/wp-json\/wp\/v2\/types\/page"}],"author":[{"embeddable":true,"href":"https:\/\/www.clessefrance.fr\/compacti\/wp-json\/wp\/v2\/users\/1"}],"replies":[{"embeddable":true,"href":"https:\/\/www.clessefrance.fr\/compacti\/wp-json\/wp\/v2\/comments?post=790"}],"version-history":[{"count":29,"href":"https:\/\/www.clessefrance.fr\/compacti\/wp-json\/wp\/v2\/pages\/790\/revisions"}],"predecessor-version":[{"id":1347,"href":"https:\/\/www.clessefrance.fr\/compacti\/wp-json\/wp\/v2\/pages\/790\/revisions\/1347"}],"wp:attachment":[{"href":"https:\/\/www.clessefrance.fr\/compacti\/wp-json\/wp\/v2\/media?parent=790"}],"curies":[{"name":"wp","href":"https:\/\/api.w.org\/{rel}","templated":true}]}}