{"id":839,"date":"2020-10-09T12:39:23","date_gmt":"2020-10-09T11:39:23","guid":{"rendered":"http:\/\/www.clessefrance.fr\/compacti\/?page_id=839"},"modified":"2020-12-03T11:05:09","modified_gmt":"2020-12-03T11:05:09","slug":"cii","status":"publish","type":"page","link":"https:\/\/www.clessefrance.fr\/compacti\/cii\/","title":{"rendered":"Cii"},"content":{"rendered":"[vc_row full_width=&#8221;stretch_row_content_no_spaces&#8221; column_spacing=&#8221;0px&#8221; css=&#8221;.vc_custom_1601027406851{margin-top: -220px !important;margin-bottom: 0px !important;padding-top: 0px !important;background-image: url(http:\/\/www.clessefrance.fr\/compacti\/wp-content\/uploads\/2020\/09\/bottles3new2.png?id=640) !important;background-position: 0 0 !important;background-repeat: repeat-x !important;}&#8221; min_height=&#8221;236px&#8221; wpex_bg_position=&#8221;center bottom&#8221; wpex_zindex=&#8221;-1&#8243; el_id=&#8221;bottlesTOP&#8221; el_class=&#8221;bottlesTOP&#8221;][vc_column offset=&#8221;vc_hidden-sm vc_hidden-xs&#8221;][\/vc_column][\/vc_row][vc_row css=&#8221;.vc_custom_1602245477197{margin-top: 34px !important;}&#8221;][vc_column][vc_column_text css=&#8221;.vc_custom_1606993497467{margin-top: 21px !important;margin-right: 21px !important;margin-bottom: 21px !important;}&#8221;]\n<h2 class=\"vc_custom_heading\"><img loading=\"lazy\" decoding=\"async\" class=\"alignright wp-image-1285 \" src=\"https:\/\/www.clessefrance.fr\/compacti\/wp-content\/uploads\/2020\/11\/CII-ICON-fr.png\" alt=\"\" width=\"212\" height=\"212\" srcset=\"https:\/\/www.clessefrance.fr\/compacti\/wp-content\/uploads\/2020\/11\/CII-ICON-fr.png 292w, https:\/\/www.clessefrance.fr\/compacti\/wp-content\/uploads\/2020\/11\/CII-ICON-fr-150x150.png 150w\" sizes=\"auto, (max-width: 212px) 100vw, 212px\" \/><span style=\"font-size: 18px;\">Optimisation \u00e9lectronique de votre d\u00e9tendeur gaz<\/span><\/h2>\n<h2 class=\"vc_custom_heading\"><span style=\"font-size: 18px; color: #ffffff;\">Ma\u00eetrisez votre gaz &#8211; Tirez le meilleur parti de vos bouteilles<\/span><\/h2>\n<p><strong><b>En moyenne, vous pourriez renvoyer jusqu&#8217;\u00e0 15% \u00e0\u00a0 20% GPL utilisable aux fournisseurs, en particulier pendant les mois les plus froids et en cas de forte consommation de gaz &#8211; Clesse CompacTi CII est dot\u00e9 d&#8217;une technologie int\u00e9gr\u00e9e en standard dans chaque appareil. Que vous d\u00e9cidiez de faire une installation compl\u00e8te ou non d\u00e8s le premier jour, vous savez que vous commencez \u00e0 utiliser la bouteille plus efficacement.<\/b><\/strong><\/p>\n<p>&nbsp;<\/p>\n<div class=\"vcex-module vcex-divider vcex-divider-solid\" style=\"width:100%;margin-top:20px;margin-bottom:20px;border-top-width:1px;border-color:#dddddd;\"><\/div>[\/vc_column_text][\/vc_column][\/vc_row][vc_row][vc_column width=&#8221;1\/4&#8243;][vc_single_image image=&#8221;844&#8243; alignment=&#8221;center&#8221; css=&#8221;.vc_custom_1602250331118{margin-bottom: 32px !important;}&#8221;][vc_column_text css=&#8221;.vc_custom_1605547037717{margin-top: 12px !important;}&#8221;]CompacTi &#8211; une technologie brevet\u00e9e unique permet au dispositif de retarder la notification d&#8217;\u00e9change de bouteilles en fonction de l&#8217;utilisation et des conditions environnementales[\/vc_column_text]<div class=\"vc_custom_1605547044676 wpex-clr\"><a href=\"http:\/\/www.clessefrance.fr\/compacti\/operating-principle\/\" class=\"vcex-button theme-button inline animate-on-hover\" style=\"color:#000000;\"><span class=\"theme-button-inner\">Voir le principe de fonctionnement<\/span><\/a><\/div> [\/vc_column][vc_column width=&#8221;1\/4&#8243;][vc_single_image image=&#8221;1271&#8243; alignment=&#8221;right&#8221;][vc_column_text css=&#8221;.vc_custom_1605547050242{margin-top: 12px !important;}&#8221;]Technologie hybride &#8211; la m\u00e9canique et l&#8217;\u00e9lectronique fonctionnent en harmonie[\/vc_column_text][\/vc_column][vc_column width=&#8221;1\/4&#8243;][vc_single_image image=&#8221;850&#8243; alignment=&#8221;center&#8221;][vc_column_text css=&#8221;.vc_custom_1605547055683{margin-top: 22px !important;}&#8221;]L&#8217;application programme l&#8217;appareil avec les caract\u00e9ristiques d&#8217;installation et fournit des informations avanc\u00e9es montrant ce qui se passe et quand changer[\/vc_column_text][\/vc_column][vc_column width=&#8221;1\/4&#8243;][vc_single_image image=&#8221;847&#8243; alignment=&#8221;center&#8221; css=&#8221;.vc_custom_1602245224878{margin-bottom: 32px !important;}&#8221;][vc_column_text]Les mesures en temps r\u00e9el de la pression, de la temp\u00e9rature et de la dur\u00e9e des bouteilles sont trait\u00e9es gr\u00e2ce \u00e0 l&#8217;intelligence CII pour optimiser votre r\u00e9gulateur ACO CompacTi existant[\/vc_column_text]<div class=\"vc_custom_1605547067646 wpex-clr\"><a href=\"http:\/\/www.clessefrance.fr\/compacti\/wp-content\/uploads\/2020\/11\/11.-CompacTi-ACO-physical-checks-vs-CII.mp4.mp4\" class=\"vcex-button theme-button inline animate-on-hover\" style=\"color:#000000;\"><span class=\"theme-button-inner\">Voir Contr\u00f4les physiques des cylindres vs CII<\/span><\/a><\/div> [\/vc_column][\/vc_row][vc_row css=&#8221;.vc_custom_1602245348881{margin-top: 32px !important;padding-top: 21px !important;padding-right: 21px !important;padding-bottom: 21px !important;padding-left: 21px !important;background-color: #515151 !important;border-radius: 20px !important;}&#8221;][vc_column][vc_column_text]\n<h2>Pourquoi y a-t-il des r\u00e9sidus de GPL dans ma bouteille ?<\/h2>\n[\/vc_column_text][vc_column_text]Le propane GPL peut contenir jusqu&#8217;\u00e0 10 % d&#8217;autres hydrocarbures naturels tels que les butanes et les pentanes qui s&#8217;\u00e9vaporent \u00e0 des temp\u00e9ratures plus \u00e9lev\u00e9es que le propane.<\/p>\n<p>Ces gaz utiles peuvent rester dans la bouteille pendant que l&#8217;ACO commence \u00e0 utiliser les bouteilles de r\u00e9serve pour s&#8217;assurer que les appareils maintiennent les pressions de fonctionnement correctes de votre r\u00e9gulateur ACO.<\/p>\n<p>CII calcule un d\u00e9lai de notification pour permettre aux hydrocarbures de s&#8217;\u00e9vaporer en gaz utile utilisable et fournir ainsi plus d&#8217;\u00e9nergie \u00e0 partir de la bouteille.[\/vc_column_text]<div class=\"vc_custom_1605547103051 wpex-clr\"><a href=\"http:\/\/www.clessefrance.fr\/gas-types-vaporisation-cylinder-offtake-rates-and-conversion-tables\/\" class=\"vcex-button theme-button align-left inline animate-on-hover\" style=\"padding:11px;color:#2d2d2d;\"><span class=\"theme-button-inner\">Pour plus d&#8217;informations, visitez notre page d&#8217;informations techniques <\/span><\/a><\/div> [\/vc_column][\/vc_row][vc_row full_width=&#8221;stretch_row_content_no_spaces&#8221; column_spacing=&#8221;0px&#8221; css=&#8221;.vc_custom_1580300577095{margin-bottom: 0px !important;padding-top: 0px !important;background-image: url(http:\/\/www.clessefrance.fr\/compacti\/\/wp-content\/uploads\/2020\/01\/bottles3.png?id=96) !important;background-position: 0 0 !important;background-repeat: no-repeat !important;}&#8221; min_height=&#8221;236px&#8221; wpex_bg_position=&#8221;center center&#8221;][vc_column][\/vc_column][\/vc_row][vc_row][vc_column]<div class=\"templatera_shortcode\"><div class=\"vc_row wpb_row vc_row-fluid\"><div class=\"wpb_column vc_column_container vc_col-sm-12\"><div class=\"vc_column-inner\"><div class=\"wpb_wrapper\">\n\t<div class=\"wpb_text_column wpb_content_element \" >\n\t\t<div class=\"wpb_wrapper\">\n\t\t\t<h2 style=\"text-align: center;\"><span style=\"font-size: 14px;\"><a href=\"http:\/\/www.clessefrance.fr\/compacti\/whats-inside-that-counts\/\">Ce qui compte est \u00e0 l'int\u00e9rieur<\/a> \u00a0 | \u00a0 <a href=\"http:\/\/www.clessefrance.fr\/compacti\/operating-principle\/\">Principe de fonctionnement<\/a> \u00a0 | \u00a0 <a href=\"http:\/\/www.clessefrance.fr\/compacti\/products-service-packages\/\">Produits<\/a> \u00a0 | \u00a0 <a href=\"http:\/\/www.clessefrance.fr\/compacti\/service-package-comparisons\/\">Comparaison des offres<\/a> \u00a0 | \u00a0 <a href=\"http:\/\/www.clessefrance.fr\/compacti\/instructions\/\">Notice<\/a><\/span><br \/>\n<span style=\"font-size: 14px;\"><a href=\"http:\/\/www.clessefrance.fr\/compacti\/downloads\/\">T\u00e9l\u00e9chargements<\/a> \u00a0 | \u00a0 <a href=\"http:\/\/www.clessefrance.fr\/compacti\/frequently-asked-questions\/\">FAQ'S<\/a> \u00a0 | \u00a0 <a href=\"http:\/\/www.clessefrance.fr\/compacti\/how-to-videos\/\">\"How to\" videos\u00a0 <\/a>\u00a0| \u00a0 <a href=\"http:\/\/www.clessefrance.fr\/compacti\/gdpr\/\">GDRP<\/a> \u00a0 | \u00a0 <a href=\"http:\/\/www.clessefrance.fr\/contact-home\/\">Contact\u00a0 <\/a>\u00a0| \u00a0 <a href=\"http:\/\/www.clessefrance.fr\/compacti\/warranty\/\">Garantie<\/a><\/span><\/h2>\n\n\t\t<\/div>\n\t<\/div>\n<\/div><\/div><\/div><\/div><\/div>[\/vc_column][\/vc_row]\n","protected":false},"excerpt":{"rendered":"Optimisation \u00e9lectronique de votre d\u00e9tendeur gaz Ma\u00eetrisez votre gaz - Tirez le meilleur parti de vos bouteilles En moyenne, vous pourriez renvoyer jusqu'\u00e0 15% \u00e0\u00a0 20% GPL utilisable aux fournisseurs, en particulier pendant les mois les plus froids et en&hellip;","protected":false},"author":1,"featured_media":0,"parent":0,"menu_order":0,"comment_status":"closed","ping_status":"closed","template":"","meta":{"footnotes":""},"class_list":["post-839","page","type-page","status-publish","hentry","entry","no-media"],"_links":{"self":[{"href":"https:\/\/www.clessefrance.fr\/compacti\/wp-json\/wp\/v2\/pages\/839","targetHints":{"allow":["GET"]}}],"collection":[{"href":"https:\/\/www.clessefrance.fr\/compacti\/wp-json\/wp\/v2\/pages"}],"about":[{"href":"https:\/\/www.clessefrance.fr\/compacti\/wp-json\/wp\/v2\/types\/page"}],"author":[{"embeddable":true,"href":"https:\/\/www.clessefrance.fr\/compacti\/wp-json\/wp\/v2\/users\/1"}],"replies":[{"embeddable":true,"href":"https:\/\/www.clessefrance.fr\/compacti\/wp-json\/wp\/v2\/comments?post=839"}],"version-history":[{"count":10,"href":"https:\/\/www.clessefrance.fr\/compacti\/wp-json\/wp\/v2\/pages\/839\/revisions"}],"predecessor-version":[{"id":1341,"href":"https:\/\/www.clessefrance.fr\/compacti\/wp-json\/wp\/v2\/pages\/839\/revisions\/1341"}],"wp:attachment":[{"href":"https:\/\/www.clessefrance.fr\/compacti\/wp-json\/wp\/v2\/media?parent=839"}],"curies":[{"name":"wp","href":"https:\/\/api.w.org\/{rel}","templated":true}]}}