{"id":895,"date":"2020-10-27T12:46:45","date_gmt":"2020-10-27T12:46:45","guid":{"rendered":"http:\/\/www.clessefrance.fr\/compacti\/?page_id=895"},"modified":"2021-08-10T12:09:21","modified_gmt":"2021-08-10T11:09:21","slug":"downloads","status":"publish","type":"page","link":"https:\/\/www.clessefrance.fr\/compacti\/downloads\/","title":{"rendered":"Downloads"},"content":{"rendered":"[vc_row wpex_zindex=&#8221;-1&#8243;][vc_column]<div class=\"templatera_shortcode\"><div id=\"bottlesTOP\" data-vc-full-width=\"true\" data-vc-full-width-init=\"false\" data-vc-stretch-content=\"true\" class=\"vc_row wpb_row vc_row-fluid bottlesTOP vc_custom_1601027406851 vc_row-no-padding wpex-vc_row-has-fill wpex-vc-row-stretched wpex-vc-has-custom-column-spacing wpex-vc-column-spacing-0px\" style=\"z-index:-1!important;min-height:236px;background-position:center bottom !important;\"><div class=\"wpb_column vc_column_container vc_col-sm-12 vc_hidden-sm vc_hidden-xs\"><div class=\"vc_column-inner\"><div class=\"wpb_wrapper\"><\/div><\/div><\/div><\/div><div class=\"vc_row-full-width vc_clearfix\"><\/div><\/div>[\/vc_column][\/vc_row][vc_row][vc_column][vc_custom_heading text=&#8221;T\u00e9l\u00e9chargements&#8221; font_container=&#8221;tag:h1|text_align:center&#8221; use_theme_fonts=&#8221;yes&#8221;][vc_column_text]\n<p style=\"text-align: center;\">Cliquez sur les liens ci-dessous pour t\u00e9l\u00e9charger les pdf<\/p>\n[\/vc_column_text][\/vc_column][\/vc_row][vc_row][vc_column][vc_single_image image=&#8221;1321&#8243; alignment=&#8221;center&#8221; onclick=&#8221;custom_link&#8221; img_link_target=&#8221;_blank&#8221; link=&#8221;https:\/\/www.clessefrance.fr\/compacti\/wp-content\/uploads\/2020\/11\/clesse-fr-roadmap-compacti.pdf&#8221;][\/vc_column][\/vc_row][vc_row][vc_column width=&#8221;2\/3&#8243;][vc_row_inner][vc_column_inner width=&#8221;1\/3&#8243;][vc_single_image image=&#8221;902&#8243; onclick=&#8221;custom_link&#8221; img_link_target=&#8221;_blank&#8221; link=&#8221;http:\/\/www.clessefrance.fr\/compacti\/wp-content\/uploads\/2020\/10\/comp-instuctions.pdf&#8221;][\/vc_column_inner][vc_column_inner width=&#8221;1\/3&#8243;][vc_single_image image=&#8221;903&#8243; onclick=&#8221;custom_link&#8221; img_link_target=&#8221;_blank&#8221; link=&#8221;http:\/\/www.clessefrance.fr\/compacti\/wp-content\/uploads\/2020\/10\/CompacTR800-OPSO-Instruction.pdf&#8221;][\/vc_column_inner][vc_column_inner width=&#8221;1\/3&#8243;][vc_single_image image=&#8221;1125&#8243; onclick=&#8221;custom_link&#8221; img_link_target=&#8221;_blank&#8221; link=&#8221;http:\/\/www.clessefrance.fr\/compacti\/wp-content\/uploads\/2020\/11\/Compliance-and-Safety-Information-Cxx5-OKO-APULSE-A6-17.4.2019-V1.pdf&#8221;][\/vc_column_inner][\/vc_row_inner][\/vc_column][vc_column width=&#8221;1\/3&#8243;][vc_column_text]\n<div style=\"width: 980px;\" class=\"wp-video\"><!--[if lt IE 9]><script>document.createElement('video');<\/script><![endif]-->\n<video class=\"wp-video-shortcode\" id=\"video-895-1\" width=\"980\" height=\"551\" preload=\"metadata\" controls=\"controls\"><source type=\"video\/mp4\" src=\"https:\/\/www.clessefrance.fr\/compacti\/wp-content\/uploads\/2020\/11\/compact-fr.mp4?_=1\" \/><a href=\"https:\/\/www.clessefrance.fr\/compacti\/wp-content\/uploads\/2020\/11\/compact-fr.mp4\">https:\/\/www.clessefrance.fr\/compacti\/wp-content\/uploads\/2020\/11\/compact-fr.mp4<\/a><\/video><\/div>\n[\/vc_column_text][vc_column_text css=&#8221;.vc_custom_1628593749645{margin-top: 21px !important;}&#8221;]Certificat Sigfox Ready \u2122[\/vc_column_text][vc_single_image image=&#8221;1378&#8243; onclick=&#8221;custom_link&#8221; img_link_target=&#8221;_blank&#8221; link=&#8221;https:\/\/www.clessefrance.fr\/compacti\/wp-content\/uploads\/2021\/08\/QF_655_Sigfox_Ready_Certificate_AiutLtd_Apulse.pdf&#8221; css=&#8221;.vc_custom_1628593744818{margin-top: 12px !important;}&#8221;][\/vc_column][\/vc_row][vc_row full_width=&#8221;stretch_row_content_no_spaces&#8221; column_spacing=&#8221;0px&#8221; css=&#8221;.vc_custom_1580300577095{margin-bottom: 0px !important;padding-top: 0px !important;background-image: url(http:\/\/www.clessefrance.fr\/compacti\/\/wp-content\/uploads\/2020\/01\/bottles3.png?id=96) !important;background-position: 0 0 !important;background-repeat: no-repeat !important;}&#8221; min_height=&#8221;236px&#8221; wpex_bg_position=&#8221;center center&#8221;][vc_column][\/vc_column][\/vc_row][vc_row][vc_column]<div class=\"templatera_shortcode\"><div class=\"vc_row wpb_row vc_row-fluid\"><div class=\"wpb_column vc_column_container vc_col-sm-12\"><div class=\"vc_column-inner\"><div class=\"wpb_wrapper\">\n\t<div class=\"wpb_text_column wpb_content_element \" >\n\t\t<div class=\"wpb_wrapper\">\n\t\t\t<h2 style=\"text-align: center;\"><span style=\"font-size: 14px;\"><a href=\"http:\/\/www.clessefrance.fr\/compacti\/whats-inside-that-counts\/\">Ce qui compte est \u00e0 l'int\u00e9rieur<\/a> \u00a0 | \u00a0 <a href=\"http:\/\/www.clessefrance.fr\/compacti\/operating-principle\/\">Principe de fonctionnement<\/a> \u00a0 | \u00a0 <a href=\"http:\/\/www.clessefrance.fr\/compacti\/products-service-packages\/\">Produits<\/a> \u00a0 | \u00a0 <a href=\"http:\/\/www.clessefrance.fr\/compacti\/service-package-comparisons\/\">Comparaison des offres<\/a> \u00a0 | \u00a0 <a href=\"http:\/\/www.clessefrance.fr\/compacti\/instructions\/\">Notice<\/a><\/span><br \/>\n<span style=\"font-size: 14px;\"><a href=\"http:\/\/www.clessefrance.fr\/compacti\/downloads\/\">T\u00e9l\u00e9chargements<\/a> \u00a0 | \u00a0 <a href=\"http:\/\/www.clessefrance.fr\/compacti\/frequently-asked-questions\/\">FAQ'S<\/a> \u00a0 | \u00a0 <a href=\"http:\/\/www.clessefrance.fr\/compacti\/how-to-videos\/\">\"How to\" videos\u00a0 <\/a>\u00a0| \u00a0 <a href=\"http:\/\/www.clessefrance.fr\/compacti\/gdpr\/\">GDRP<\/a> \u00a0 | \u00a0 <a href=\"http:\/\/www.clessefrance.fr\/contact-home\/\">Contact\u00a0 <\/a>\u00a0| \u00a0 <a href=\"http:\/\/www.clessefrance.fr\/compacti\/warranty\/\">Garantie<\/a><\/span><\/h2>\n\n\t\t<\/div>\n\t<\/div>\n<\/div><\/div><\/div><\/div><\/div>[\/vc_column][\/vc_row]\n","protected":false},"excerpt":{"rendered":"T\u00e9l\u00e9chargements Cliquez sur les liens ci-dessous pour t\u00e9l\u00e9charger les pdf https:\/\/www.clessefrance.fr\/compacti\/wp-content\/uploads\/2020\/11\/compact-fr.mp4 Certificat Sigfox Ready \u2122 Ce qui compte est \u00e0 l'int\u00e9rieur \u00a0 | \u00a0 Principe de fonctionnement \u00a0 | \u00a0 Produits \u00a0 | \u00a0 Comparaison des offres \u00a0 | \u00a0&hellip;","protected":false},"author":1,"featured_media":0,"parent":0,"menu_order":0,"comment_status":"closed","ping_status":"closed","template":"","meta":{"footnotes":""},"class_list":["post-895","page","type-page","status-publish","hentry","entry","no-media"],"_links":{"self":[{"href":"https:\/\/www.clessefrance.fr\/compacti\/wp-json\/wp\/v2\/pages\/895","targetHints":{"allow":["GET"]}}],"collection":[{"href":"https:\/\/www.clessefrance.fr\/compacti\/wp-json\/wp\/v2\/pages"}],"about":[{"href":"https:\/\/www.clessefrance.fr\/compacti\/wp-json\/wp\/v2\/types\/page"}],"author":[{"embeddable":true,"href":"https:\/\/www.clessefrance.fr\/compacti\/wp-json\/wp\/v2\/users\/1"}],"replies":[{"embeddable":true,"href":"https:\/\/www.clessefrance.fr\/compacti\/wp-json\/wp\/v2\/comments?post=895"}],"version-history":[{"count":11,"href":"https:\/\/www.clessefrance.fr\/compacti\/wp-json\/wp\/v2\/pages\/895\/revisions"}],"predecessor-version":[{"id":1381,"href":"https:\/\/www.clessefrance.fr\/compacti\/wp-json\/wp\/v2\/pages\/895\/revisions\/1381"}],"wp:attachment":[{"href":"https:\/\/www.clessefrance.fr\/compacti\/wp-json\/wp\/v2\/media?parent=895"}],"curies":[{"name":"wp","href":"https:\/\/api.w.org\/{rel}","templated":true}]}}